{"id":4381,"date":"2021-04-19T10:55:59","date_gmt":"2021-04-19T08:55:59","guid":{"rendered":"https:\/\/lag-selbsthilfe-sachsen.de\/ueber-uns\/"},"modified":"2023-01-30T11:03:35","modified_gmt":"2023-01-30T10:03:35","slug":"ueber-uns","status":"publish","type":"page","link":"https:\/\/lag-selbsthilfe-sachsen.de\/ls\/ueber-uns\/","title":{"rendered":"\u00dcber Uns"},"content":{"rendered":"<p>[vc_row top_margin=&#8221;page-margin-top-section&#8221; content_placement=&#8221;middle&#8221;][vc_column width=&#8221;1\/2&#8243; el_class=&#8221;padding-right-30&#8243;][vc_single_image image=&#8221;4036&#8243; img_size=&#8221;full&#8221;][\/vc_column][vc_column width=&#8221;1\/2&#8243;]<h2 class=\"box-header large no-border\">Wer wir sind<\/h2>[vc_column_text el_class=&#8221;large margin-top-10&#8243;]Die Landes\u2219Arbeits\u2219Gemeinschaft Selbst\u2219Hilfe Sachsen ist ein Verein.<br \/>\nWir vertreten die Interessen von:[\/vc_column_text]<ul class=\"simple-list margin-top-15 clearfix\"><li class=\"template-tick-2 clearfix\">\n\t\t\t<span>Menschen, die chronisch krank sind.<\/span><\/li><\/ul>[vc_column_text el_class=&#8221;large margin-top-10&#8243;]Diese Menschen sind sehr lange krank.[\/vc_column_text]<ul class=\"simple-list margin-top-15 clearfix\"><li class=\"template-tick-2 clearfix\">\n\t\t\t<span>Menschen mit Behinderung.<\/span><\/li><\/ul>[vc_column_text el_class=&#8221;large margin-top-10&#8243;]Wir haben 33 Mitglieder.<br \/>\nDas sind Vereine aus der Selbst\u2219Hilfe in Sachsen.<br \/>\nSelbst\u2219Hilfe meint:[\/vc_column_text]<ul class=\"simple-list margin-top-15 clearfix\"><li class=\"template-tick-2 clearfix\">\n\t\t\t<span>Menschen, zum Beispiel mit Rheuma, helfen sich selbst.<\/span><\/li><li class=\"template-tick-2 clearfix\">\n\t\t\t<span>Menschen mit einem gleichen Problem oder einer gleichen Krankheit helfen sich gegenseitig.<\/span><\/li><li class=\"template-tick-2 clearfix\">\n\t\t\t<span>Die Betroffenen geben ihr Wissen und ihre Erfahrungen weiter.<\/span><\/li><\/ul>[vc_column_text el_class=&#8221;large margin-top-10&#8243;]Die Landes\u2219Arbeits\u2219Gemeinschaft Selbst\u2219Hilfe Sachsen ist Mitglied in der<br \/>\nBundes\u2219Arbeits\u2219Gemeinschaft SELBSTHILFE von Menschen mit Behinderung und chronischer Erkrankung<br \/>\nund ihrer Angeh\u00f6rigen e. V.<\/p>\n<p>Die Landes\u2219Arbeits\u2219Gemeinschaft Selbst\u2219Hilfe Sachsen gibt es seit 1990.<\/p>\n<p>Wir haben uns in Dresden gegr\u00fcndet.[\/vc_column_text][\/vc_column][\/vc_row][vc_row type=&#8221;full-width&#8221; top_margin=&#8221;page-margin-top-section&#8221; el_class=&#8221;flex-box&#8221; css=&#8221;.vc_custom_1540216421553{background-color: #ffffff !important;}&#8221;][vc_column width=&#8221;1\/2&#8243; css=&#8221;.vc_custom_1536849658368{background-position: center !important;background-repeat: no-repeat !important;background-size: cover !important;}&#8221; el_class=&#8221;padding-bottom-128 column-limited&#8221;][vc_row_inner el_class=&#8221;padding-right-100&#8243;][vc_column_inner]<h2 class=\"box-header large margin-top-30 no-border\">Aufgaben und Ziele<\/h2>[vc_column_text el_class=&#8221;large margin-top-10&#8243;]Unser Ziel ist:<\/p>\n<p>Alle Menschen d\u00fcrfen mitmachen.<br \/>\nAuch Menschen mit Behinderungen.<br \/>\nNoch ist das nicht \u00fcberall so.<br \/>\nManches ist gut, manches ist schlecht.<\/p>\n<p>Damit es besser wird,<br \/>\nm\u00fcssen wir immer wieder mit Politikern reden.<br \/>\nPolitiker entscheiden viele wichtige Dinge.<br \/>\nSie machen zum Beispiel Gesetze.<\/p>\n<p>Wir wollen uns einbringen,<br \/>\nwenn neue Gesetze entstehen.<\/p>\n<p>Wir fordern auf,<br \/>\ndass bestehende Gesetze \u00fcberpr\u00fcft werden.<\/p>\n<p>Denn Bedarfe \u00e4ndern sich.<\/p>\n<p>Wichtig ist:<\/p>\n<p>Auch wir sind Menschen mit Behinderungen und chronischen Erkrankungen.<br \/>\nWir wissen am besten, was wir verbessern m\u00fcssen,<br \/>\ndamit alle Menschen mitmachen d\u00fcrfen.<br \/>\nDas nennt man Teilhabe.[\/vc_column_text][\/vc_column_inner][\/vc_row_inner][\/vc_column][vc_column width=&#8221;1\/2&#8243; css=&#8221;.vc_custom_1611046667441{background-image: url(https:\/\/lag-selbsthilfe-sachsen.de\/wp-content\/uploads\/2021\/01\/sport_im_rollstuhl-scaled.jpeg?id=4039) !important;background-position: center !important;background-repeat: no-repeat !important;background-size: cover !important;}&#8221;][vc_single_image image=&#8221;4040&#8243; img_size=&#8221;large-thumb&#8221; el_class=&#8221;flex-hide&#8221;][\/vc_column][\/vc_row][vc_row type=&#8221;full-width&#8221; el_class=&#8221;flex-box&#8221;][vc_column width=&#8221;1\/2&#8243; css=&#8221;.vc_custom_1611046813353{background-image: url(https:\/\/lag-selbsthilfe-sachsen.de\/wp-content\/uploads\/2021\/01\/prothese-scaled.jpeg?id=4041) !important;background-position: center !important;background-repeat: no-repeat !important;background-size: cover !important;}&#8221;][vc_single_image image=&#8221;4042&#8243; img_size=&#8221;large-thumb&#8221; el_class=&#8221;flex-hide&#8221;][\/vc_column][vc_column width=&#8221;1\/2&#8243; el_class=&#8221;padding-bottom-128 column-limited&#8221;][vc_row_inner el_class=&#8221;padding-left-100&#8243;][vc_column_inner]<h2 class=\"box-header large margin-top-30 no-border\">Wir setzen uns ein<\/h2>[vc_column_text el_class=&#8221;large margin-top-10&#8243;]Wir sammeln die Interessen, Probleme oder Sorgen unserer Mitglieder.<br \/>\nDann reden wir mit wichtigen Menschen,<br \/>\ndie uns helfen k\u00f6nnen.<\/p>\n<p>Zum Beispiel:[\/vc_column_text]<ul class=\"simple-list margin-top-15 clearfix\"><li class=\"template-tick-2 clearfix\">\n\t\t\t<span>mit den Behinderten\u2219Beauftragten von Sachsen.<\/span><\/li><li class=\"template-tick-2 clearfix\">\n\t\t\t<span>Oder mit wichtigen Menschen von der Kranken\u2219Kasse.<\/span><\/li><\/ul>[vc_column_text el_class=&#8221;large margin-top-10&#8243;]Wir arbeiten auch in wichtigen Arbeits\u2219Gruppen mit.<br \/>\nDort sagen wir, was unseren Mitgliedern wichtig ist.<\/p>\n<p>Wir unterst\u00fctzen auch:[\/vc_column_text]<ul class=\"simple-list margin-top-15 clearfix\"><li class=\"template-tick-2 clearfix\">\n\t\t\t<span>die UN-Behinderten\u00b7Rechts\u00b7Konvention und<\/span><\/li><li class=\"template-tick-2 clearfix\">\n\t\t\t<span>den Aktions\u00b7Plan Sachsen.<\/span><\/li><\/ul>[vc_column_text el_class=&#8221;large margin-top-10&#8243;]Die UN\u00b7Behinderten\u00b7Rechts\u00b7Konvention ist ein Vertrag.<br \/>\nDarin stehen die Rechte der Menschen mit Behinderung.<br \/>\nUN ist die Abk\u00fcrzung f\u00fcr die englischen W\u00f6rter: United Nations.<br \/>\nAuf deutsch hei\u00dft das: Vereinte Nationen.<br \/>\nBei den Vereinten Nationen machen die meisten L\u00e4nder der Welt mit.<br \/>\nIn der UN\u00b7Behinderten\u00b7Rechts\u00b7Konvention haben sich die L\u00e4nder auf eine Sache geeinigt:<br \/>\nBehinderte und nicht behinderte Menschen sollen die gleichen Rechte haben.<\/p>\n<p>Der Aktions\u00b7Plan Sachsen ist ein Arbeits\u00b7Plan.<br \/>\nAn dem Plan haben viele Menschen zusammengearbeitet.<br \/>\nAuch Menschen mit Behinderungen haben daran gearbeitet.<br \/>\nUnd alle B\u00fcrger konnten ihre Meinung dazu sagen.<br \/>\nDas war sehr wichtig.<br \/>\nDer Plan hat viele Aufgaben f\u00fcr die n\u00e4chsten Jahre.<br \/>\nMit dem Plan k\u00f6nnen wir alle Hindernisse abbauen.<\/p>\n<p>Hier ist der ganze Aktions\u00b7Plan im Internet: <a href=\"https:\/\/publikationen.sachsen.de\/bdb\/artikel\/28411\/lesen\">https:\/\/publikationen.sachsen.de\/bdb\/artikel\/28411\/lesen<\/a>[\/vc_column_text][\/vc_column_inner][\/vc_row_inner][\/vc_column][\/vc_row][vc_row type=&#8221;full-width&#8221; el_class=&#8221;padding-top-89&#8243; css=&#8221;.vc_custom_1611223790627{padding-bottom: 60px !important;}&#8221;][vc_column][vc_row_inner][vc_column_inner]<h2 class=\"box-header large align-center\">Vereinsdokumente<\/h2>[vc_column_text]Im internen Bereich finden unsere Mitglieder:<\/p>\n<ul>\n<li>Protokolle der Vorstands\u00b7Beratungen,<\/li>\n<li>den aktuellen Haus\u00b7Halts\u00b7Plan,<\/li>\n<li>Ideen oder Arbeits\u00b7Hilfen.<\/li>\n<\/ul>\n<p>Noch ist der Zugang nicht fertig.<br \/>\nAber wir arbeiten daran.<br \/>\nHier geht es zum internen Bereich unter <a href=\"https:\/\/www.selbsthilfenetzwerk-sachsen.de\/login.php\" target=\"_blank\" rel=\"noopener\">www.selbsthilfenetzwerk-sachsen.de<\/a><\/p>\n<p>Leider gibt es die Dokumente momentan nur in schwerer Sprache.[\/vc_column_text][\/vc_column_inner][\/vc_row_inner][vc_row_inner css=&#8221;.vc_custom_1611051703284{padding-top: 10px !important;}&#8221;][vc_column_inner width=&#8221;1\/2&#8243;][vc_column_text]<div class=\"dokdown\">\n\t\t\t\t\t\t<div><span class=\"icon-single hexagon\"><a href=\"https:\/\/lag-selbsthilfe-sachsen.de\/wp-content\/uploads\/2021\/01\/lagsh-satzung_14_11_barrierefrei.pdf\"><span class=\"features-document\"><\/span><\/a><\/span><\/div>\n\t\t\t\t\t\t<div><a href=\"https:\/\/lag-selbsthilfe-sachsen.de\/wp-content\/uploads\/2021\/01\/lagsh-satzung_14_11_barrierefrei.pdf\">Download<br>LAGSH Satzung Barrierefrei<\/a><\/div>\n\t\t\t\t\t<\/div>[\/vc_column_text][\/vc_column_inner][vc_column_inner width=&#8221;1\/2&#8243;][vc_column_text]<div class=\"dokdown\">\n\t\t\t\t\t\t<div><span class=\"icon-single hexagon\"><a href=\"https:\/\/lag-selbsthilfe-sachsen.de\/wp-content\/uploads\/2021\/01\/Leitbild_LAGSH_barrierefrei.pdf\"><span class=\"features-document\"><\/span><\/a><\/span><\/div>\n\t\t\t\t\t\t<div><a href=\"https:\/\/lag-selbsthilfe-sachsen.de\/wp-content\/uploads\/2021\/01\/Leitbild_LAGSH_barrierefrei.pdf\">Download<br>Leitbild LAGSH Barrierefrei<\/a><\/div>\n\t\t\t\t\t<\/div>[\/vc_column_text][\/vc_column_inner][\/vc_row_inner][\/vc_column][\/vc_row]<\/p>\n","protected":false},"excerpt":{"rendered":"<p>[vc_row top_margin=&#8221;page-margin-top-section&#8221; content_placement=&#8221;middle&#8221;][vc_column width=&#8221;1\/2&#8243; el_class=&#8221;padding-right-30&#8243;][vc_single_image image=&#8221;4036&#8243; img_size=&#8221;full&#8221;][\/vc_column][vc_column width=&#8221;1\/2&#8243;][vc_column_text el_class=&#8221;large margin-top-10&#8243;]Die Landes\u2219Arbeits\u2219Gemeinschaft Selbst\u2219Hilfe Sachsen ist ein Verein. Wir vertreten die Interessen von:[\/vc_column_text][vc_column_text el_class=&#8221;large margin-top-10&#8243;]Diese Menschen sind sehr lange krank.[\/vc_column_text][vc_column_text el_class=&#8221;large margin-top-10&#8243;]Wir haben 33 Mitglieder. Das sind Vereine aus der Selbst\u2219Hilfe in Sachsen. Selbst\u2219Hilfe meint:[\/vc_column_text][vc_column_text el_class=&#8221;large margin-top-10&#8243;]Die Landes\u2219Arbeits\u2219Gemeinschaft Selbst\u2219Hilfe Sachsen ist Mitglied in der Bundes\u2219Arbeits\u2219Gemeinschaft SELBSTHILFE von<\/p>\n","protected":false},"author":1,"featured_media":0,"parent":0,"menu_order":0,"comment_status":"closed","ping_status":"closed","template":"","meta":{"_acf_changed":false,"footnotes":""},"class_list":["post-4381","page","type-page","status-publish","hentry"],"acf":[],"yoast_head":"<!-- This site is optimized with the Yoast SEO plugin v27.3 - https:\/\/yoast.com\/product\/yoast-seo-wordpress\/ -->\n<title>\u00dcber Uns - LAG<\/title>\n<meta name=\"robots\" content=\"index, follow, max-snippet:-1, max-image-preview:large, max-video-preview:-1\" \/>\n<link rel=\"canonical\" href=\"https:\/\/lag-selbsthilfe-sachsen.de\/ls\/ueber-uns\/\" \/>\n<meta property=\"og:locale\" content=\"en_US\" \/>\n<meta property=\"og:type\" content=\"article\" \/>\n<meta property=\"og:title\" content=\"\u00dcber Uns - LAG\" \/>\n<meta property=\"og:description\" content=\"[vc_row top_margin=&#8221;page-margin-top-section&#8221; content_placement=&#8221;middle&#8221;][vc_column width=&#8221;1\/2&#8243; el_class=&#8221;padding-right-30&#8243;][vc_single_image image=&#8221;4036&#8243; img_size=&#8221;full&#8221;][\/vc_column][vc_column width=&#8221;1\/2&#8243;][vc_column_text el_class=&#8221;large margin-top-10&#8243;]Die Landes\u2219Arbeits\u2219Gemeinschaft Selbst\u2219Hilfe Sachsen ist ein Verein. Wir vertreten die Interessen von:[\/vc_column_text][vc_column_text el_class=&#8221;large margin-top-10&#8243;]Diese Menschen sind sehr lange krank.[\/vc_column_text][vc_column_text el_class=&#8221;large margin-top-10&#8243;]Wir haben 33 Mitglieder. Das sind Vereine aus der Selbst\u2219Hilfe in Sachsen. Selbst\u2219Hilfe meint:[\/vc_column_text][vc_column_text el_class=&#8221;large margin-top-10&#8243;]Die Landes\u2219Arbeits\u2219Gemeinschaft Selbst\u2219Hilfe Sachsen ist Mitglied in der Bundes\u2219Arbeits\u2219Gemeinschaft SELBSTHILFE von\" \/>\n<meta property=\"og:url\" content=\"https:\/\/lag-selbsthilfe-sachsen.de\/ls\/ueber-uns\/\" \/>\n<meta property=\"og:site_name\" content=\"LAG\" \/>\n<meta property=\"article:modified_time\" content=\"2023-01-30T10:03:35+00:00\" \/>\n<meta property=\"og:image\" content=\"https:\/\/lag-selbsthilfe-sachsen.de\/wp-content\/uploads\/2021\/04\/facebook.png\" \/>\n\t<meta property=\"og:image:width\" content=\"1367\" \/>\n\t<meta property=\"og:image:height\" content=\"796\" \/>\n\t<meta property=\"og:image:type\" content=\"image\/png\" \/>\n<meta name=\"twitter:card\" content=\"summary_large_image\" \/>\n<meta name=\"twitter:label1\" content=\"Est. reading time\" \/>\n\t<meta name=\"twitter:data1\" content=\"4 minutes\" \/>\n<script type=\"application\/ld+json\" class=\"yoast-schema-graph\">{\"@context\":\"https:\\\/\\\/schema.org\",\"@graph\":[{\"@type\":\"WebPage\",\"@id\":\"https:\\\/\\\/lag-selbsthilfe-sachsen.de\\\/ls\\\/ueber-uns\\\/\",\"url\":\"https:\\\/\\\/lag-selbsthilfe-sachsen.de\\\/ls\\\/ueber-uns\\\/\",\"name\":\"\u00dcber Uns - LAG\",\"isPartOf\":{\"@id\":\"https:\\\/\\\/lag-selbsthilfe-sachsen.de\\\/ls\\\/#website\"},\"datePublished\":\"2021-04-19T08:55:59+00:00\",\"dateModified\":\"2023-01-30T10:03:35+00:00\",\"breadcrumb\":{\"@id\":\"https:\\\/\\\/lag-selbsthilfe-sachsen.de\\\/ls\\\/ueber-uns\\\/#breadcrumb\"},\"inLanguage\":\"l-S\",\"potentialAction\":[{\"@type\":\"ReadAction\",\"target\":[\"https:\\\/\\\/lag-selbsthilfe-sachsen.de\\\/ls\\\/ueber-uns\\\/\"]}]},{\"@type\":\"BreadcrumbList\",\"@id\":\"https:\\\/\\\/lag-selbsthilfe-sachsen.de\\\/ls\\\/ueber-uns\\\/#breadcrumb\",\"itemListElement\":[{\"@type\":\"ListItem\",\"position\":1,\"name\":\"Startseite\",\"item\":\"https:\\\/\\\/lag-selbsthilfe-sachsen.de\\\/ls\\\/\"},{\"@type\":\"ListItem\",\"position\":2,\"name\":\"\u00dcber Uns\"}]},{\"@type\":\"WebSite\",\"@id\":\"https:\\\/\\\/lag-selbsthilfe-sachsen.de\\\/ls\\\/#website\",\"url\":\"https:\\\/\\\/lag-selbsthilfe-sachsen.de\\\/ls\\\/\",\"name\":\"LAG\",\"description\":\"Landesarbeitsgemeinschaft Selbsthilfe Sachsen e.V.\",\"potentialAction\":[{\"@type\":\"SearchAction\",\"target\":{\"@type\":\"EntryPoint\",\"urlTemplate\":\"https:\\\/\\\/lag-selbsthilfe-sachsen.de\\\/ls\\\/?s={search_term_string}\"},\"query-input\":{\"@type\":\"PropertyValueSpecification\",\"valueRequired\":true,\"valueName\":\"search_term_string\"}}],\"inLanguage\":\"l-S\"}]}<\/script>\n<!-- \/ Yoast SEO plugin. -->","yoast_head_json":{"title":"\u00dcber Uns - LAG","robots":{"index":"index","follow":"follow","max-snippet":"max-snippet:-1","max-image-preview":"max-image-preview:large","max-video-preview":"max-video-preview:-1"},"canonical":"https:\/\/lag-selbsthilfe-sachsen.de\/ls\/ueber-uns\/","og_locale":"en_US","og_type":"article","og_title":"\u00dcber Uns - LAG","og_description":"[vc_row top_margin=&#8221;page-margin-top-section&#8221; content_placement=&#8221;middle&#8221;][vc_column width=&#8221;1\/2&#8243; el_class=&#8221;padding-right-30&#8243;][vc_single_image image=&#8221;4036&#8243; img_size=&#8221;full&#8221;][\/vc_column][vc_column width=&#8221;1\/2&#8243;][vc_column_text el_class=&#8221;large margin-top-10&#8243;]Die Landes\u2219Arbeits\u2219Gemeinschaft Selbst\u2219Hilfe Sachsen ist ein Verein. Wir vertreten die Interessen von:[\/vc_column_text][vc_column_text el_class=&#8221;large margin-top-10&#8243;]Diese Menschen sind sehr lange krank.[\/vc_column_text][vc_column_text el_class=&#8221;large margin-top-10&#8243;]Wir haben 33 Mitglieder. Das sind Vereine aus der Selbst\u2219Hilfe in Sachsen. Selbst\u2219Hilfe meint:[\/vc_column_text][vc_column_text el_class=&#8221;large margin-top-10&#8243;]Die Landes\u2219Arbeits\u2219Gemeinschaft Selbst\u2219Hilfe Sachsen ist Mitglied in der Bundes\u2219Arbeits\u2219Gemeinschaft SELBSTHILFE von","og_url":"https:\/\/lag-selbsthilfe-sachsen.de\/ls\/ueber-uns\/","og_site_name":"LAG","article_modified_time":"2023-01-30T10:03:35+00:00","og_image":[{"width":1367,"height":796,"url":"https:\/\/lag-selbsthilfe-sachsen.de\/wp-content\/uploads\/2021\/04\/facebook.png","type":"image\/png"}],"twitter_card":"summary_large_image","twitter_misc":{"Est. reading time":"4 minutes"},"schema":{"@context":"https:\/\/schema.org","@graph":[{"@type":"WebPage","@id":"https:\/\/lag-selbsthilfe-sachsen.de\/ls\/ueber-uns\/","url":"https:\/\/lag-selbsthilfe-sachsen.de\/ls\/ueber-uns\/","name":"\u00dcber Uns - LAG","isPartOf":{"@id":"https:\/\/lag-selbsthilfe-sachsen.de\/ls\/#website"},"datePublished":"2021-04-19T08:55:59+00:00","dateModified":"2023-01-30T10:03:35+00:00","breadcrumb":{"@id":"https:\/\/lag-selbsthilfe-sachsen.de\/ls\/ueber-uns\/#breadcrumb"},"inLanguage":"l-S","potentialAction":[{"@type":"ReadAction","target":["https:\/\/lag-selbsthilfe-sachsen.de\/ls\/ueber-uns\/"]}]},{"@type":"BreadcrumbList","@id":"https:\/\/lag-selbsthilfe-sachsen.de\/ls\/ueber-uns\/#breadcrumb","itemListElement":[{"@type":"ListItem","position":1,"name":"Startseite","item":"https:\/\/lag-selbsthilfe-sachsen.de\/ls\/"},{"@type":"ListItem","position":2,"name":"\u00dcber Uns"}]},{"@type":"WebSite","@id":"https:\/\/lag-selbsthilfe-sachsen.de\/ls\/#website","url":"https:\/\/lag-selbsthilfe-sachsen.de\/ls\/","name":"LAG","description":"Landesarbeitsgemeinschaft Selbsthilfe Sachsen e.V.","potentialAction":[{"@type":"SearchAction","target":{"@type":"EntryPoint","urlTemplate":"https:\/\/lag-selbsthilfe-sachsen.de\/ls\/?s={search_term_string}"},"query-input":{"@type":"PropertyValueSpecification","valueRequired":true,"valueName":"search_term_string"}}],"inLanguage":"l-S"}]}},"_links":{"self":[{"href":"https:\/\/lag-selbsthilfe-sachsen.de\/ls\/wp-json\/wp\/v2\/pages\/4381","targetHints":{"allow":["GET"]}}],"collection":[{"href":"https:\/\/lag-selbsthilfe-sachsen.de\/ls\/wp-json\/wp\/v2\/pages"}],"about":[{"href":"https:\/\/lag-selbsthilfe-sachsen.de\/ls\/wp-json\/wp\/v2\/types\/page"}],"author":[{"embeddable":true,"href":"https:\/\/lag-selbsthilfe-sachsen.de\/ls\/wp-json\/wp\/v2\/users\/1"}],"replies":[{"embeddable":true,"href":"https:\/\/lag-selbsthilfe-sachsen.de\/ls\/wp-json\/wp\/v2\/comments?post=4381"}],"version-history":[{"count":15,"href":"https:\/\/lag-selbsthilfe-sachsen.de\/ls\/wp-json\/wp\/v2\/pages\/4381\/revisions"}],"predecessor-version":[{"id":6462,"href":"https:\/\/lag-selbsthilfe-sachsen.de\/ls\/wp-json\/wp\/v2\/pages\/4381\/revisions\/6462"}],"wp:attachment":[{"href":"https:\/\/lag-selbsthilfe-sachsen.de\/ls\/wp-json\/wp\/v2\/media?parent=4381"}],"curies":[{"name":"wp","href":"https:\/\/api.w.org\/{rel}","templated":true}]}}