{"id":4389,"date":"2021-04-19T11:11:14","date_gmt":"2021-04-19T09:11:14","guid":{"rendered":"https:\/\/lag-selbsthilfe-sachsen.de\/helfen\/"},"modified":"2021-04-19T11:23:48","modified_gmt":"2021-04-19T09:23:48","slug":"helfen","status":"publish","type":"page","link":"https:\/\/lag-selbsthilfe-sachsen.de\/ls\/helfen\/","title":{"rendered":"Helfen"},"content":{"rendered":"<p>[vc_row type=&#8221;full-width&#8221; el_class=&#8221;flex-box&#8221;][vc_column width=&#8221;1\/2&#8243; css=&#8221;.vc_custom_1612947815973{background-image: url(https:\/\/lag-selbsthilfe-sachsen.de\/wp-content\/uploads\/2021\/01\/helfen-scaled.jpeg?id=4166) !important;background-position: center !important;background-repeat: no-repeat !important;background-size: cover !important;}&#8221; el_class=&#8221;bgposleft&#8221;][vc_single_image image=&#8221;4167&#8243; img_size=&#8221;large-thumb&#8221; el_class=&#8221;flex-hide&#8221;][\/vc_column][vc_column width=&#8221;1\/2&#8243; el_class=&#8221;padding-bottom-128 column-limited&#8221;][vc_row_inner el_class=&#8221;padding-left-100&#8243;][vc_column_inner]<h2 class=\"box-header large margin-top-92 no-border\">Wir sind ein gemeinn\u00fctziger Verein<\/h2>[vc_column_text el_class=&#8221;large margin-top-10&#8243;]Das bedeutet:<br \/>\nWir setzen uns f\u00fcr alle ein.<br \/>\nWir machen keinen Gewinn mit unserer Arbeit.<br \/>\nUnd wir arbeiten ehrenamtlich.<\/p>\n<p>Ehrenamt bedeutet:<br \/>\nMenschen setzen sich f\u00fcr eine Sache ein.<br \/>\nDie Sache ist ihnen wichtig.<\/p>\n<p>Man kann sich einsetzen f\u00fcr:[\/vc_column_text]<ul class=\"simple-list clearfix\"><li class=\"template-tick-2 clearfix\">\n\t\t\t<span>anderen Menschen,<\/span><\/li><li class=\"template-tick-2 clearfix\">\n\t\t\t<span>Tiere<\/span><\/li><li class=\"template-tick-2 clearfix\">\n\t\t\t<span>oder auch die Umwelt.<\/span><\/li><\/ul>[vc_column_text el_class=&#8221;large margin-top-10&#8243;]Zu Ehrenamt sagen viele auch:<br \/>\nb\u00fcrgerschaftliches Engagement.<\/p>\n<p>Mit b\u00fcrgerschaftlich sind<br \/>\nalle B\u00fcrgerinnen und B\u00fcrger gemeint.<\/p>\n<p>Engagement ist franz\u00f6sisch.<br \/>\nEs wird so gesprochen: An-ga-je-mang.<\/p>\n<p>Es bedeutet: Sich f\u00fcr eine Sache einsetzen.<br \/>\nB\u00fcrgerschaftliches Engagement hei\u00dft also:<br \/>\nB\u00fcrger arbeiten freiwillig und ohne Bezahlung f\u00fcr eine Sache.[\/vc_column_text][\/vc_column_inner][\/vc_row_inner][\/vc_column][\/vc_row][vc_row type=&#8221;full-width&#8221; el_class=&#8221;flex-box&#8221; css=&#8221;.vc_custom_1611222285738{background-color: #ffffff !important;}&#8221;][vc_column width=&#8221;1\/2&#8243; css=&#8221;.vc_custom_1611222937498{padding-bottom: 30px !important;background-position: center !important;background-repeat: no-repeat !important;background-size: cover !important;}&#8221; el_class=&#8221;column-limited&#8221;][vc_row_inner el_class=&#8221;padding-right-100&#8243;][vc_column_inner]<h2 class=\"box-header large margin-top-92 no-border\">Spenden<\/h2>[vc_column_text el_class=&#8221;large margin-top-10&#8243;]Spenden unterst\u00fctzen unsere Arbeit f\u00fcr Menschen mit Behinderungen.<\/p>\n<p>Spendenkonto:<br \/>\nBank f\u00fcr Sozialwirtschaft AG,<br \/>\nIBAN: DE78850205000003586401,<br \/>\nBIC: BFSWDE33DRE<br \/>\nVerwendungszweck: Spende<\/p>\n<p>Sie k\u00f6nnen die Landes\u2219Arbeits\u2219Gemeinschaft Selbst\u2219Hilfe Sachsen oder konkrete Projekte unterst\u00fctzen.<\/p>\n<p>Geben Sie dazu bitte den Spenden\u2219Zweck an.<br \/>\nWir danken f\u00fcr Ihre Hilfe!<\/p>\n<p>Spenden sind steuerlich absetzbar.<br \/>\nWir stellen Ihnen gern eine Spenden\u2219Bescheinigung aus.<\/p>\n<p>Bitte fragen Sie dazu:<br \/>\nBarbara B\u00f6hme<br \/>\nFinanz\u2219Buchhaltung<br \/>\nTel: 0351 479 350 16<br \/>\nboehme@selbsthilfenetzwerk-sachsen.de<\/p>\n<p>Sie m\u00f6chten uns pers\u00f6nlich kennenlernen?<br \/>\nKein Problem! Bitte kontaktieren Sie uns.[\/vc_column_text][\/vc_column_inner][\/vc_row_inner][\/vc_column][vc_column width=&#8221;1\/2&#8243; css=&#8221;.vc_custom_1612947391227{background-image: url(https:\/\/lag-selbsthilfe-sachsen.de\/wp-content\/uploads\/2021\/01\/spenden-scaled.jpeg?id=4169) !important;background-position: center !important;background-repeat: no-repeat !important;background-size: cover !important;}&#8221; el_class=&#8221;bgposleft&#8221;][vc_single_image image=&#8221;4170&#8243; img_size=&#8221;large-thumb&#8221; el_class=&#8221;flex-hide&#8221;][\/vc_column][\/vc_row][vc_row content_placement=&#8221;middle&#8221; el_class=&#8221;flex-box&#8221; css=&#8221;.vc_custom_1618824210744{padding-bottom: 40px !important;}&#8221;][vc_column width=&#8221;1\/2&#8243; el_class=&#8221;padding-right-30&#8243; css=&#8221;.vc_custom_1612954699853{padding-top: 80px !important;}&#8221;][vc_single_image image=&#8221;4177&#8243; img_size=&#8221;full&#8221;][\/vc_column][vc_column width=&#8221;1\/2&#8243; el_class=&#8221;column-limited&#8221; css=&#8221;.vc_custom_1611223306002{padding-bottom: 30px !important;}&#8221;][vc_row_inner el_class=&#8221;padding-left-100&#8243;][vc_column_inner]<h2 class=\"box-header large margin-top-92 no-border\">Aktiv werden im Ehrenamt<\/h2>[vc_column_text el_class=&#8221;large margin-top-10&#8243;]Sie k\u00f6nnen sich aktiv an unserer Arbeit beteiligen.<br \/>\nUnd damit Menschen mit Behinderungen und chronischen Erkrankungen helfen.<br \/>\nEs gibt verschiedene M\u00f6glichkeiten:[\/vc_column_text]<ul class=\"simple-list clearfix\"><li class=\"template-tick-2 clearfix\">\n\t\t\t<span>Mitarbeit im Vorstand<\/span><\/li><li class=\"template-tick-2 clearfix\">\n\t\t\t<span>Mitarbeit bei Veranstaltungen<\/span><\/li><li class=\"template-tick-2 clearfix\">\n\t\t\t<span>redaktionelle Mitarbeit<\/span><\/li><\/ul>[vc_column_text el_class=&#8221;large margin-top-10&#8243;]Das bedeutet:<br \/>\nArtikel f\u00fcr unsere Internetseite schreiben.<br \/>\nOder Artikel in Leichter Sprache \u00fcberpr\u00fcfen.<\/p>\n<p>Ihre Ansprech\u2219Person f\u00fcr Fragen:<br \/>\nDaniel Pech<br \/>\nTel: 0351 479 350 15<br \/>\n<a href=\"mailto:pech@selbsthilfenetzwerk-sachsen.de\">pech@selbsthilfenetzwerk-sachsen.de<\/a>[\/vc_column_text][\/vc_column_inner][\/vc_row_inner][\/vc_column][\/vc_row][vc_row content_placement=&#8221;middle&#8221; disable_element=&#8221;yes&#8221; el_class=&#8221;flex-box&#8221;][vc_column width=&#8221;1\/2&#8243; el_class=&#8221;padding-right-30&#8243; css=&#8221;.vc_custom_1612954699853{padding-top: 80px !important;}&#8221;][vc_single_image image=&#8221;4354&#8243; img_size=&#8221;medicenter-vertical-image&#8221; alignment=&#8221;center&#8221; el_class=&#8221;page-margin-top side-image&#8221;][vc_single_image image=&#8221;4356&#8243; img_size=&#8221;medicenter-vertical-image&#8221; alignment=&#8221;right&#8221;][\/vc_column][vc_column width=&#8221;1\/2&#8243; el_class=&#8221;column-limited&#8221; css=&#8221;.vc_custom_1611223306002{padding-bottom: 30px !important;}&#8221;][vc_row_inner el_class=&#8221;padding-left-100&#8243;][vc_column_inner]<h3 class=\"box-header margin-top-92\">Ihr Einsatz<\/h3><h2 class=\"box-header large margin-top-30 no-border\">Ehrenamt<\/h2>[vc_column_text el_class=&#8221;large margin-top-10&#8243;]Ein direkter Weg, sich f\u00fcr Menschen mit Behinderungen und chronischen Erkrankungen einzusetzen, ist, sich aktiv an unserer Arbeit zu beteiligen.<\/p>\n<p>Eine ehrenamtliche Mitwirkung kann auf unterschiedlichen Wegen erfolgen, von denen jeder unabdingbar f\u00fcr den Erfolg unserer Arbeit ist. Wir freuen uns \u00fcber kurzfristige oder langfristige Unterst\u00fctzung sowie eine aktive Mitarbeit an vorderster Stelle \u201eoder hinter den Kulissen.\u201c<\/p>\n<p>Helfen Sie z. B. bei der redaktionellen Arbeit unserer Internet-Pr\u00e4senz oder engagieren Sie sich in unseren demokratischen Vereinsstrukturen, bis hin zu einer Mitwirkung im Vorstand.<\/p>\n<p>Auch eine gelegentliche Mitwirkung u. a. an einzelnen Aktivit\u00e4ten oder die Zusendung von Berichten f\u00fcr das Internetportal ist f\u00fcr unsere Arbeit sehr wertvoll.<\/p>\n<p>Unsere Projekte und Beratungsangebote bieten eine Vielzahl an M\u00f6glichkeiten aktiv zu werden, um die Selbsthilfe- und Lobbyarbeit f\u00fcr und von Menschen mit Behinderungen mitzugestalten.<\/p>\n<p>Interessiert? Sprechen Sie uns an!<\/p>\n<p>Wir informieren Sie gerne \u00fcber unsere Vereinsarbeit in einem pers\u00f6nlichen Gespr\u00e4ch. Darin k\u00f6nnen wir Ihnen unsere aktuellen Projekte zeigen und einen Themenbereich f\u00fcr Sie finden. Nehmen Sie einfach Kontakt zu uns auf.<\/p>\n<p>Ihre Ansprechperson:<br \/>\nDaniel Pech<br \/>\nTel: 0351 479 350 15<br \/>\n<a href=\"mailto:pech@selbsthilfenetzwerk-sachsen.de\">pech@selbsthilfenetzwerk-sachsen.de<\/a><br \/>\n<a href=\"https:\/\/lag-selbsthilfe-sachsen.de\/ls\/kontakt\/\">Zur Kontaktseite<\/a>[\/vc_column_text][\/vc_column_inner][\/vc_row_inner][\/vc_column][\/vc_row]<\/p>\n","protected":false},"excerpt":{"rendered":"<p>[vc_row type=&#8221;full-width&#8221; el_class=&#8221;flex-box&#8221;][vc_column width=&#8221;1\/2&#8243; css=&#8221;.vc_custom_1612947815973{background-image: url(https:\/\/lag-selbsthilfe-sachsen.de\/wp-content\/uploads\/2021\/01\/helfen-scaled.jpeg?id=4166) !important;background-position: center !important;background-repeat: no-repeat !important;background-size: cover !important;}&#8221; el_class=&#8221;bgposleft&#8221;][vc_single_image image=&#8221;4167&#8243; img_size=&#8221;large-thumb&#8221; el_class=&#8221;flex-hide&#8221;][\/vc_column][vc_column width=&#8221;1\/2&#8243; el_class=&#8221;padding-bottom-128 column-limited&#8221;][vc_row_inner el_class=&#8221;padding-left-100&#8243;][vc_column_inner][vc_column_text el_class=&#8221;large margin-top-10&#8243;]Das bedeutet: Wir setzen uns f\u00fcr alle ein. Wir machen keinen Gewinn mit unserer Arbeit. Und wir arbeiten ehrenamtlich. Ehrenamt bedeutet: Menschen setzen sich f\u00fcr eine Sache ein. Die Sache ist ihnen wichtig.<\/p>\n","protected":false},"author":1,"featured_media":0,"parent":0,"menu_order":0,"comment_status":"closed","ping_status":"closed","template":"","meta":{"_acf_changed":false,"footnotes":""},"class_list":["post-4389","page","type-page","status-publish","hentry"],"acf":[],"yoast_head":"<!-- This site is optimized with the Yoast SEO plugin v27.3 - https:\/\/yoast.com\/product\/yoast-seo-wordpress\/ -->\n<title>Helfen - LAG<\/title>\n<meta name=\"robots\" content=\"index, follow, max-snippet:-1, max-image-preview:large, max-video-preview:-1\" \/>\n<link rel=\"canonical\" href=\"https:\/\/lag-selbsthilfe-sachsen.de\/ls\/helfen\/\" \/>\n<meta property=\"og:locale\" content=\"en_US\" \/>\n<meta property=\"og:type\" content=\"article\" \/>\n<meta property=\"og:title\" content=\"Helfen - LAG\" \/>\n<meta property=\"og:description\" content=\"[vc_row type=&#8221;full-width&#8221; el_class=&#8221;flex-box&#8221;][vc_column width=&#8221;1\/2&#8243; css=&#8221;.vc_custom_1612947815973{background-image: url(https:\/\/lag-selbsthilfe-sachsen.de\/wp-content\/uploads\/2021\/01\/helfen-scaled.jpeg?id=4166) !important;background-position: center !important;background-repeat: no-repeat !important;background-size: cover !important;}&#8221; el_class=&#8221;bgposleft&#8221;][vc_single_image image=&#8221;4167&#8243; img_size=&#8221;large-thumb&#8221; el_class=&#8221;flex-hide&#8221;][\/vc_column][vc_column width=&#8221;1\/2&#8243; el_class=&#8221;padding-bottom-128 column-limited&#8221;][vc_row_inner el_class=&#8221;padding-left-100&#8243;][vc_column_inner][vc_column_text el_class=&#8221;large margin-top-10&#8243;]Das bedeutet: Wir setzen uns f\u00fcr alle ein. Wir machen keinen Gewinn mit unserer Arbeit. Und wir arbeiten ehrenamtlich. Ehrenamt bedeutet: Menschen setzen sich f\u00fcr eine Sache ein. Die Sache ist ihnen wichtig.\" \/>\n<meta property=\"og:url\" content=\"https:\/\/lag-selbsthilfe-sachsen.de\/ls\/helfen\/\" \/>\n<meta property=\"og:site_name\" content=\"LAG\" \/>\n<meta property=\"article:modified_time\" content=\"2021-04-19T09:23:48+00:00\" \/>\n<meta property=\"og:image\" content=\"https:\/\/lag-selbsthilfe-sachsen.de\/wp-content\/uploads\/2021\/04\/facebook.png\" \/>\n\t<meta property=\"og:image:width\" content=\"1367\" \/>\n\t<meta property=\"og:image:height\" content=\"796\" \/>\n\t<meta property=\"og:image:type\" content=\"image\/png\" \/>\n<meta name=\"twitter:card\" content=\"summary_large_image\" \/>\n<meta name=\"twitter:label1\" content=\"Est. reading time\" \/>\n\t<meta name=\"twitter:data1\" content=\"3 minutes\" \/>\n<script type=\"application\/ld+json\" class=\"yoast-schema-graph\">{\"@context\":\"https:\\\/\\\/schema.org\",\"@graph\":[{\"@type\":\"WebPage\",\"@id\":\"https:\\\/\\\/lag-selbsthilfe-sachsen.de\\\/ls\\\/helfen\\\/\",\"url\":\"https:\\\/\\\/lag-selbsthilfe-sachsen.de\\\/ls\\\/helfen\\\/\",\"name\":\"Helfen - LAG\",\"isPartOf\":{\"@id\":\"https:\\\/\\\/lag-selbsthilfe-sachsen.de\\\/ls\\\/#website\"},\"datePublished\":\"2021-04-19T09:11:14+00:00\",\"dateModified\":\"2021-04-19T09:23:48+00:00\",\"breadcrumb\":{\"@id\":\"https:\\\/\\\/lag-selbsthilfe-sachsen.de\\\/ls\\\/helfen\\\/#breadcrumb\"},\"inLanguage\":\"l-S\",\"potentialAction\":[{\"@type\":\"ReadAction\",\"target\":[\"https:\\\/\\\/lag-selbsthilfe-sachsen.de\\\/ls\\\/helfen\\\/\"]}]},{\"@type\":\"BreadcrumbList\",\"@id\":\"https:\\\/\\\/lag-selbsthilfe-sachsen.de\\\/ls\\\/helfen\\\/#breadcrumb\",\"itemListElement\":[{\"@type\":\"ListItem\",\"position\":1,\"name\":\"Startseite\",\"item\":\"https:\\\/\\\/lag-selbsthilfe-sachsen.de\\\/ls\\\/\"},{\"@type\":\"ListItem\",\"position\":2,\"name\":\"Helfen\"}]},{\"@type\":\"WebSite\",\"@id\":\"https:\\\/\\\/lag-selbsthilfe-sachsen.de\\\/ls\\\/#website\",\"url\":\"https:\\\/\\\/lag-selbsthilfe-sachsen.de\\\/ls\\\/\",\"name\":\"LAG\",\"description\":\"Landesarbeitsgemeinschaft Selbsthilfe Sachsen e.V.\",\"potentialAction\":[{\"@type\":\"SearchAction\",\"target\":{\"@type\":\"EntryPoint\",\"urlTemplate\":\"https:\\\/\\\/lag-selbsthilfe-sachsen.de\\\/ls\\\/?s={search_term_string}\"},\"query-input\":{\"@type\":\"PropertyValueSpecification\",\"valueRequired\":true,\"valueName\":\"search_term_string\"}}],\"inLanguage\":\"l-S\"}]}<\/script>\n<!-- \/ Yoast SEO plugin. -->","yoast_head_json":{"title":"Helfen - LAG","robots":{"index":"index","follow":"follow","max-snippet":"max-snippet:-1","max-image-preview":"max-image-preview:large","max-video-preview":"max-video-preview:-1"},"canonical":"https:\/\/lag-selbsthilfe-sachsen.de\/ls\/helfen\/","og_locale":"en_US","og_type":"article","og_title":"Helfen - LAG","og_description":"[vc_row type=&#8221;full-width&#8221; el_class=&#8221;flex-box&#8221;][vc_column width=&#8221;1\/2&#8243; css=&#8221;.vc_custom_1612947815973{background-image: url(https:\/\/lag-selbsthilfe-sachsen.de\/wp-content\/uploads\/2021\/01\/helfen-scaled.jpeg?id=4166) !important;background-position: center !important;background-repeat: no-repeat !important;background-size: cover !important;}&#8221; el_class=&#8221;bgposleft&#8221;][vc_single_image image=&#8221;4167&#8243; img_size=&#8221;large-thumb&#8221; el_class=&#8221;flex-hide&#8221;][\/vc_column][vc_column width=&#8221;1\/2&#8243; el_class=&#8221;padding-bottom-128 column-limited&#8221;][vc_row_inner el_class=&#8221;padding-left-100&#8243;][vc_column_inner][vc_column_text el_class=&#8221;large margin-top-10&#8243;]Das bedeutet: Wir setzen uns f\u00fcr alle ein. Wir machen keinen Gewinn mit unserer Arbeit. Und wir arbeiten ehrenamtlich. Ehrenamt bedeutet: Menschen setzen sich f\u00fcr eine Sache ein. Die Sache ist ihnen wichtig.","og_url":"https:\/\/lag-selbsthilfe-sachsen.de\/ls\/helfen\/","og_site_name":"LAG","article_modified_time":"2021-04-19T09:23:48+00:00","og_image":[{"width":1367,"height":796,"url":"https:\/\/lag-selbsthilfe-sachsen.de\/wp-content\/uploads\/2021\/04\/facebook.png","type":"image\/png"}],"twitter_card":"summary_large_image","twitter_misc":{"Est. reading time":"3 minutes"},"schema":{"@context":"https:\/\/schema.org","@graph":[{"@type":"WebPage","@id":"https:\/\/lag-selbsthilfe-sachsen.de\/ls\/helfen\/","url":"https:\/\/lag-selbsthilfe-sachsen.de\/ls\/helfen\/","name":"Helfen - LAG","isPartOf":{"@id":"https:\/\/lag-selbsthilfe-sachsen.de\/ls\/#website"},"datePublished":"2021-04-19T09:11:14+00:00","dateModified":"2021-04-19T09:23:48+00:00","breadcrumb":{"@id":"https:\/\/lag-selbsthilfe-sachsen.de\/ls\/helfen\/#breadcrumb"},"inLanguage":"l-S","potentialAction":[{"@type":"ReadAction","target":["https:\/\/lag-selbsthilfe-sachsen.de\/ls\/helfen\/"]}]},{"@type":"BreadcrumbList","@id":"https:\/\/lag-selbsthilfe-sachsen.de\/ls\/helfen\/#breadcrumb","itemListElement":[{"@type":"ListItem","position":1,"name":"Startseite","item":"https:\/\/lag-selbsthilfe-sachsen.de\/ls\/"},{"@type":"ListItem","position":2,"name":"Helfen"}]},{"@type":"WebSite","@id":"https:\/\/lag-selbsthilfe-sachsen.de\/ls\/#website","url":"https:\/\/lag-selbsthilfe-sachsen.de\/ls\/","name":"LAG","description":"Landesarbeitsgemeinschaft Selbsthilfe Sachsen e.V.","potentialAction":[{"@type":"SearchAction","target":{"@type":"EntryPoint","urlTemplate":"https:\/\/lag-selbsthilfe-sachsen.de\/ls\/?s={search_term_string}"},"query-input":{"@type":"PropertyValueSpecification","valueRequired":true,"valueName":"search_term_string"}}],"inLanguage":"l-S"}]}},"_links":{"self":[{"href":"https:\/\/lag-selbsthilfe-sachsen.de\/ls\/wp-json\/wp\/v2\/pages\/4389","targetHints":{"allow":["GET"]}}],"collection":[{"href":"https:\/\/lag-selbsthilfe-sachsen.de\/ls\/wp-json\/wp\/v2\/pages"}],"about":[{"href":"https:\/\/lag-selbsthilfe-sachsen.de\/ls\/wp-json\/wp\/v2\/types\/page"}],"author":[{"embeddable":true,"href":"https:\/\/lag-selbsthilfe-sachsen.de\/ls\/wp-json\/wp\/v2\/users\/1"}],"replies":[{"embeddable":true,"href":"https:\/\/lag-selbsthilfe-sachsen.de\/ls\/wp-json\/wp\/v2\/comments?post=4389"}],"version-history":[{"count":6,"href":"https:\/\/lag-selbsthilfe-sachsen.de\/ls\/wp-json\/wp\/v2\/pages\/4389\/revisions"}],"predecessor-version":[{"id":4396,"href":"https:\/\/lag-selbsthilfe-sachsen.de\/ls\/wp-json\/wp\/v2\/pages\/4389\/revisions\/4396"}],"wp:attachment":[{"href":"https:\/\/lag-selbsthilfe-sachsen.de\/ls\/wp-json\/wp\/v2\/media?parent=4389"}],"curies":[{"name":"wp","href":"https:\/\/api.w.org\/{rel}","templated":true}]}}