{"id":4397,"date":"2021-04-19T11:25:39","date_gmt":"2021-04-19T09:25:39","guid":{"rendered":"https:\/\/lag-selbsthilfe-sachsen.de\/kontakt\/"},"modified":"2021-04-26T16:10:11","modified_gmt":"2021-04-26T14:10:11","slug":"kontakt","status":"publish","type":"page","link":"https:\/\/lag-selbsthilfe-sachsen.de\/ls\/kontakt\/","title":{"rendered":"Kontakt"},"content":{"rendered":"<p>[vc_row css=&#8221;.vc_custom_1618816792602{padding-bottom: 10px !important;}&#8221;][vc_column width=&#8221;1\/2&#8243;][vc_column_text el_class=&#8221;large margin-top-10&#8243;]<strong>Kontakt:<\/strong><br \/>\nLandes\u2219Arbeits\u2219Gemeinschaft Selbst\u2219Hilfe Sachsen e.V.<br \/>\nc\/o Selbst\u2219Hilfe\u2219Netz\u2219Werk Sachsen<br \/>\nMichelangelostra\u00dfe 2 (EG)<br \/>\n01217 Dresden<\/p>\n<p>Internet:<a href=\"https:\/\/www.lag-selbsthilfe-sachsen.de\/\" target=\"_blank\" rel=\"noopener\"> www.lag-selbsthilfe-sachsen.de<\/a><br \/>\nTelefon: 0351 479 350 0<br \/>\nE-Mail: <a href=\"mailto:info@lag-selbsthilfe-sachsen.de\">info@lag-selbsthilfe-sachsen.de<\/a>[\/vc_column_text][\/vc_column][vc_column width=&#8221;1\/2&#8243;][vc_column_text]<b><span data-contrast=\"auto\">Koordination:<\/span><\/b><span data-ccp-props=\"{&quot;201341983&quot;:0,&quot;335559739&quot;:160,&quot;335559740&quot;:259}\"><br \/>\n<\/span><span data-contrast=\"auto\">Thomas Naumann<\/span><span data-ccp-props=\"{&quot;201341983&quot;:0,&quot;335559739&quot;:160,&quot;335559740&quot;:259}\"><br \/>\n<\/span><span data-contrast=\"auto\">Tel<\/span><span data-contrast=\"auto\">: 0351 479 350 18<\/span><span data-ccp-props=\"{&quot;201341983&quot;:0,&quot;335559739&quot;:160,&quot;335559740&quot;:259}\"><br \/>\n<\/span><a href=\"mailto:naumann@selbsthilfenetzwerk-sachsen.de\"><span data-contrast=\"none\">naumann@selbsthilfenetzwerk-sachsen.de<\/span><\/a><span data-ccp-props=\"{&quot;201341983&quot;:0,&quot;335559739&quot;:160,&quot;335559740&quot;:259}\">\u00a0<\/span><\/p>\n<p><b><span data-contrast=\"auto\">Finanz\u2219Buch\u2219Haltung:<\/span><\/b><span data-ccp-props=\"{&quot;201341983&quot;:0,&quot;335559739&quot;:160,&quot;335559740&quot;:259}\"><br \/>\n<\/span><span data-contrast=\"auto\">Barbara B\u00f6hme<\/span><span data-ccp-props=\"{&quot;201341983&quot;:0,&quot;335559739&quot;:160,&quot;335559740&quot;:259}\"><br \/>\n<\/span><span data-contrast=\"auto\">Tel<\/span><span data-contrast=\"auto\">: 0351 479 350 16<\/span><span data-ccp-props=\"{&quot;201341983&quot;:0,&quot;335559739&quot;:160,&quot;335559740&quot;:259}\"><br \/>\n<\/span><a href=\"mailto:boehme@selbsthilfenetzwerk-sachsen.de\"><span data-contrast=\"none\">boehme@selbsthilfenetzwerk-sachsen.de<\/span><\/a><span data-ccp-props=\"{&quot;201341983&quot;:0,&quot;335559739&quot;:160,&quot;335559740&quot;:259}\">\u00a0<\/span><\/p>\n<p><b><span data-contrast=\"auto\">Presse:<\/span><\/b><span data-ccp-props=\"{&quot;201341983&quot;:0,&quot;335559739&quot;:160,&quot;335559740&quot;:259}\"><br \/>\n<\/span><span data-contrast=\"auto\">Daniel Pech<\/span><span data-ccp-props=\"{&quot;201341983&quot;:0,&quot;335559739&quot;:160,&quot;335559740&quot;:259}\"><br \/>\n<\/span><span data-contrast=\"auto\">Tel<\/span><span data-contrast=\"auto\">: 0351 479 350 1<\/span><span data-contrast=\"auto\">5<\/span><span data-ccp-props=\"{&quot;201341983&quot;:0,&quot;335559739&quot;:160,&quot;335559740&quot;:259}\"><br \/>\n<\/span><a href=\"mailto:pech@selbsthilfenetzwerk-sachsen.de\"><span data-contrast=\"none\">pech@selbsthilfenetzwerk-sachsen.de<\/span><\/a><span data-ccp-props=\"{&quot;201341983&quot;:0,&quot;335559739&quot;:160,&quot;335559740&quot;:259}\">\u00a0<\/span>[\/vc_column_text][\/vc_column][\/vc_row][vc_row top_margin=&#8221;page-margin-top&#8221; el_position=&#8221;last&#8221; css=&#8221;.vc_custom_1618816788081{border-top-width: 1px !important;padding-top: 30px !important;padding-bottom: 10px !important;border-top-color: #e5e5e5 !important;border-top-style: solid !important;}&#8221;][vc_column][vc_column_text el_class=&#8221;large margin-top-10&#8243;]<strong>Anfahrt und Zugang<br \/>\n<\/strong>Die Arbeits\u2219Stelle der Landes\u2219Arbeits\u2219Gemeinschaft Sachsen ist barrierefrei.<br \/>\nDas hei\u00dft: Alle Menschen k\u00f6nnen den Eingang zum Haus nutzen.<br \/>\nDie Haltestelle der Stra\u00dfenbahn ist auch barrierefrei.<\/p>\n<p>So kommen Sie mit den \u00f6ffentlichen Verkehrs\u2219Mitteln zu uns:[\/vc_column_text]<ul class=\"simple-list clearfix\"><li class=\"template-tick-2 clearfix\">\n\t\t\t<span>mit der Stra\u00dfen\u2219Bahn Linie 11 bis Haltestelle R\u00e4cknitzh\u00f6he oder bis End\u2219Haltestelle Zschertnitz<\/span><\/li><li class=\"template-tick-2 clearfix\">\n\t\t\t<span>mit dem Bus Linie 85 bis Haltestelle R\u00e4cknitzh\u00f6he oder mit Bus Linie 63 bis Haltestelle S\u00fcdh\u00f6he\/M\u00fcnzmeisterstra\u00dfe.<\/span><\/li><\/ul>[vc_column_text el_class=&#8221;large margin-top-10&#8243;]Behinderten\u2219Park\u2219Pl\u00e4tze befinden sich vor dem Haus Michelangelostra\u00dfe 2.<br \/>\nDie Stra\u00dfe ist eine Einbahnstra\u00dfe.[\/vc_column_text][\/vc_column][\/vc_row][vc_row top_margin=&#8221;page-margin-top&#8221; el_position=&#8221;last&#8221; css=&#8221;.vc_custom_1612950454029{border-top-width: 1px !important;padding-bottom: 60px !important;border-top-color: #e5e5e5 !important;border-top-style: solid !important;}&#8221;][vc_column][vc_column_text el_class=&#8221;large align-center page-margin-top&#8221;]\u00dcber das folgende Formular k\u00f6nnen Sie uns eine E-Mail senden. Wir freuen uns \u00fcber Fragen oder Hinweise.[\/vc_column_text]<form class=\"contact-form \" id=\"contact_form\" method=\"post\" action=\"\"><div class=\"vc_row wpb_row vc_inner\">\n\t\t\t<fieldset class=\"vc_col-sm-6 wpb_column vc_column_container\"><label>Vorname*<\/label>\n\t\t\t\t<div class=\"block\">\n\t\t\t\t\t<input class=\"text_input\" name=\"first_name\" type=\"text\" value=\"\" tabindex=\"1\" data-required=\"1\">\n\t\t\t\t<\/div><label>Telefon<\/label>\n\t\t\t\t<div class=\"block\">\n\t\t\t\t\t<input class=\"text_input\" name=\"phone_number\" type=\"text\" value=\"\" tabindex=\"5\">\n\t\t\t\t<\/div><\/fieldset>\n\t\t\t<fieldset class=\"vc_col-sm-6 wpb_column vc_column_container\"><label>Nachname*<\/label>\n\t\t\t\t<div class=\"block\">\n\t\t\t\t\t<input class=\"text_input\" name=\"last_name\" type=\"text\" value=\"\" tabindex=\"2\" data-required=\"1\">\n\t\t\t\t<\/div><label>E-Mail*<\/label>\n\t\t\t\t<div class=\"block\">\n\t\t\t\t\t<input class=\"text_input\" name=\"email\" type=\"text\" value=\"\" tabindex=\"6\" data-required=\"1\">\n\t\t\t\t<\/div><\/fieldset>\n\t\t<\/div><div class=\"vc_row wpb_row vc_inner\">\n\t\t\t<fieldset>\n\t\t\t\t<label>Ihre Nachricht*<\/label>\n\t\t\t\t<div class=\"block\">\n\t\t\t\t\t<textarea name=\"message\" tabindex=\"7\" data-required=\"1\"><\/textarea>\n\t\t\t\t<\/div>\n\t\t\t<\/fieldset>\n\t\t<\/div><div class=\"vc_row wpb_row vc_inner submit-container margin-top-30\"><input type=\"hidden\" name=\"action\" value=\"theme_contact_form\" \/>\n\t\t\t\t<input type=\"hidden\" name=\"id\" value=\"contact_form\" \/><div class=\"terms-container block\">\n\t\t\t\t\t<input type=\"checkbox\" name=\"terms\" id=\"contact_formterms\" value=\"1\"><label for=\"contact_formterms\">Ihre angegebene E-Mail-Adresse wird ausschlie\u00dflich zur Beantwortung Ihrer Anfrage verwendet. Nach der Bearbeitung werden Ihre Daten gel\u00f6scht.<\/label>\n\t\t\t\t<\/div><div class=\"vc_row wpb_row vc_inner\">\n\t\t\t\t<input type=\"submit\" name=\"submit\" value=\"Jetzt senden\" class=\"more mc-button\" \/>\n\t\t\t<\/div><\/div>\n\t<\/form>[\/vc_column][\/vc_row]<\/p>\n","protected":false},"excerpt":{"rendered":"<p>[vc_row css=&#8221;.vc_custom_1618816792602{padding-bottom: 10px !important;}&#8221;][vc_column width=&#8221;1\/2&#8243;][vc_column_text el_class=&#8221;large margin-top-10&#8243;]Kontakt: Landes\u2219Arbeits\u2219Gemeinschaft Selbst\u2219Hilfe Sachsen e.V. c\/o Selbst\u2219Hilfe\u2219Netz\u2219Werk Sachsen Michelangelostra\u00dfe 2 (EG) 01217 Dresden Internet: www.lag-selbsthilfe-sachsen.de Telefon: 0351 479 350 0 E-Mail: info@lag-selbsthilfe-sachsen.de[\/vc_column_text][\/vc_column][vc_column width=&#8221;1\/2&#8243;][vc_column_text]Koordination: Thomas Naumann Tel: 0351 479 350 18 naumann@selbsthilfenetzwerk-sachsen.de\u00a0 Finanz\u2219Buch\u2219Haltung: Barbara B\u00f6hme Tel: 0351 479 350 16 boehme@selbsthilfenetzwerk-sachsen.de\u00a0 Presse: Daniel Pech Tel: 0351 479 350 15 pech@selbsthilfenetzwerk-sachsen.de\u00a0[\/vc_column_text][\/vc_column][\/vc_row][vc_row<\/p>\n","protected":false},"author":1,"featured_media":0,"parent":0,"menu_order":0,"comment_status":"closed","ping_status":"closed","template":"","meta":{"_acf_changed":false,"footnotes":""},"class_list":["post-4397","page","type-page","status-publish","hentry"],"acf":[],"yoast_head":"<!-- This site is optimized with the Yoast SEO plugin v27.3 - https:\/\/yoast.com\/product\/yoast-seo-wordpress\/ -->\n<title>Kontakt - LAG<\/title>\n<meta name=\"robots\" content=\"index, follow, max-snippet:-1, max-image-preview:large, max-video-preview:-1\" \/>\n<link rel=\"canonical\" href=\"https:\/\/lag-selbsthilfe-sachsen.de\/ls\/kontakt\/\" \/>\n<meta property=\"og:locale\" content=\"en_US\" \/>\n<meta property=\"og:type\" content=\"article\" \/>\n<meta property=\"og:title\" content=\"Kontakt - LAG\" \/>\n<meta property=\"og:description\" content=\"[vc_row css=&#8221;.vc_custom_1618816792602{padding-bottom: 10px !important;}&#8221;][vc_column width=&#8221;1\/2&#8243;][vc_column_text el_class=&#8221;large margin-top-10&#8243;]Kontakt: Landes\u2219Arbeits\u2219Gemeinschaft Selbst\u2219Hilfe Sachsen e.V. c\/o Selbst\u2219Hilfe\u2219Netz\u2219Werk Sachsen Michelangelostra\u00dfe 2 (EG) 01217 Dresden Internet: www.lag-selbsthilfe-sachsen.de Telefon: 0351 479 350 0 E-Mail: info@lag-selbsthilfe-sachsen.de[\/vc_column_text][\/vc_column][vc_column width=&#8221;1\/2&#8243;][vc_column_text]Koordination: Thomas Naumann Tel: 0351 479 350 18 naumann@selbsthilfenetzwerk-sachsen.de\u00a0 Finanz\u2219Buch\u2219Haltung: Barbara B\u00f6hme Tel: 0351 479 350 16 boehme@selbsthilfenetzwerk-sachsen.de\u00a0 Presse: Daniel Pech Tel: 0351 479 350 15 pech@selbsthilfenetzwerk-sachsen.de\u00a0[\/vc_column_text][\/vc_column][\/vc_row][vc_row\" \/>\n<meta property=\"og:url\" content=\"https:\/\/lag-selbsthilfe-sachsen.de\/ls\/kontakt\/\" \/>\n<meta property=\"og:site_name\" content=\"LAG\" \/>\n<meta property=\"article:modified_time\" content=\"2021-04-26T14:10:11+00:00\" \/>\n<meta property=\"og:image\" content=\"https:\/\/lag-selbsthilfe-sachsen.de\/wp-content\/uploads\/2021\/04\/facebook.png\" \/>\n\t<meta property=\"og:image:width\" content=\"1367\" \/>\n\t<meta property=\"og:image:height\" content=\"796\" \/>\n\t<meta property=\"og:image:type\" content=\"image\/png\" \/>\n<meta name=\"twitter:card\" content=\"summary_large_image\" \/>\n<meta name=\"twitter:label1\" content=\"Est. reading time\" \/>\n\t<meta name=\"twitter:data1\" content=\"2 minutes\" \/>\n<script type=\"application\/ld+json\" class=\"yoast-schema-graph\">{\"@context\":\"https:\\\/\\\/schema.org\",\"@graph\":[{\"@type\":\"WebPage\",\"@id\":\"https:\\\/\\\/lag-selbsthilfe-sachsen.de\\\/ls\\\/kontakt\\\/\",\"url\":\"https:\\\/\\\/lag-selbsthilfe-sachsen.de\\\/ls\\\/kontakt\\\/\",\"name\":\"Kontakt - LAG\",\"isPartOf\":{\"@id\":\"https:\\\/\\\/lag-selbsthilfe-sachsen.de\\\/ls\\\/#website\"},\"datePublished\":\"2021-04-19T09:25:39+00:00\",\"dateModified\":\"2021-04-26T14:10:11+00:00\",\"breadcrumb\":{\"@id\":\"https:\\\/\\\/lag-selbsthilfe-sachsen.de\\\/ls\\\/kontakt\\\/#breadcrumb\"},\"inLanguage\":\"l-S\",\"potentialAction\":[{\"@type\":\"ReadAction\",\"target\":[\"https:\\\/\\\/lag-selbsthilfe-sachsen.de\\\/ls\\\/kontakt\\\/\"]}]},{\"@type\":\"BreadcrumbList\",\"@id\":\"https:\\\/\\\/lag-selbsthilfe-sachsen.de\\\/ls\\\/kontakt\\\/#breadcrumb\",\"itemListElement\":[{\"@type\":\"ListItem\",\"position\":1,\"name\":\"Startseite\",\"item\":\"https:\\\/\\\/lag-selbsthilfe-sachsen.de\\\/ls\\\/\"},{\"@type\":\"ListItem\",\"position\":2,\"name\":\"Kontakt\"}]},{\"@type\":\"WebSite\",\"@id\":\"https:\\\/\\\/lag-selbsthilfe-sachsen.de\\\/ls\\\/#website\",\"url\":\"https:\\\/\\\/lag-selbsthilfe-sachsen.de\\\/ls\\\/\",\"name\":\"LAG\",\"description\":\"Landesarbeitsgemeinschaft Selbsthilfe Sachsen e.V.\",\"potentialAction\":[{\"@type\":\"SearchAction\",\"target\":{\"@type\":\"EntryPoint\",\"urlTemplate\":\"https:\\\/\\\/lag-selbsthilfe-sachsen.de\\\/ls\\\/?s={search_term_string}\"},\"query-input\":{\"@type\":\"PropertyValueSpecification\",\"valueRequired\":true,\"valueName\":\"search_term_string\"}}],\"inLanguage\":\"l-S\"}]}<\/script>\n<!-- \/ Yoast SEO plugin. -->","yoast_head_json":{"title":"Kontakt - LAG","robots":{"index":"index","follow":"follow","max-snippet":"max-snippet:-1","max-image-preview":"max-image-preview:large","max-video-preview":"max-video-preview:-1"},"canonical":"https:\/\/lag-selbsthilfe-sachsen.de\/ls\/kontakt\/","og_locale":"en_US","og_type":"article","og_title":"Kontakt - LAG","og_description":"[vc_row css=&#8221;.vc_custom_1618816792602{padding-bottom: 10px !important;}&#8221;][vc_column width=&#8221;1\/2&#8243;][vc_column_text el_class=&#8221;large margin-top-10&#8243;]Kontakt: Landes\u2219Arbeits\u2219Gemeinschaft Selbst\u2219Hilfe Sachsen e.V. c\/o Selbst\u2219Hilfe\u2219Netz\u2219Werk Sachsen Michelangelostra\u00dfe 2 (EG) 01217 Dresden Internet: www.lag-selbsthilfe-sachsen.de Telefon: 0351 479 350 0 E-Mail: info@lag-selbsthilfe-sachsen.de[\/vc_column_text][\/vc_column][vc_column width=&#8221;1\/2&#8243;][vc_column_text]Koordination: Thomas Naumann Tel: 0351 479 350 18 naumann@selbsthilfenetzwerk-sachsen.de\u00a0 Finanz\u2219Buch\u2219Haltung: Barbara B\u00f6hme Tel: 0351 479 350 16 boehme@selbsthilfenetzwerk-sachsen.de\u00a0 Presse: Daniel Pech Tel: 0351 479 350 15 pech@selbsthilfenetzwerk-sachsen.de\u00a0[\/vc_column_text][\/vc_column][\/vc_row][vc_row","og_url":"https:\/\/lag-selbsthilfe-sachsen.de\/ls\/kontakt\/","og_site_name":"LAG","article_modified_time":"2021-04-26T14:10:11+00:00","og_image":[{"width":1367,"height":796,"url":"https:\/\/lag-selbsthilfe-sachsen.de\/wp-content\/uploads\/2021\/04\/facebook.png","type":"image\/png"}],"twitter_card":"summary_large_image","twitter_misc":{"Est. reading time":"2 minutes"},"schema":{"@context":"https:\/\/schema.org","@graph":[{"@type":"WebPage","@id":"https:\/\/lag-selbsthilfe-sachsen.de\/ls\/kontakt\/","url":"https:\/\/lag-selbsthilfe-sachsen.de\/ls\/kontakt\/","name":"Kontakt - LAG","isPartOf":{"@id":"https:\/\/lag-selbsthilfe-sachsen.de\/ls\/#website"},"datePublished":"2021-04-19T09:25:39+00:00","dateModified":"2021-04-26T14:10:11+00:00","breadcrumb":{"@id":"https:\/\/lag-selbsthilfe-sachsen.de\/ls\/kontakt\/#breadcrumb"},"inLanguage":"l-S","potentialAction":[{"@type":"ReadAction","target":["https:\/\/lag-selbsthilfe-sachsen.de\/ls\/kontakt\/"]}]},{"@type":"BreadcrumbList","@id":"https:\/\/lag-selbsthilfe-sachsen.de\/ls\/kontakt\/#breadcrumb","itemListElement":[{"@type":"ListItem","position":1,"name":"Startseite","item":"https:\/\/lag-selbsthilfe-sachsen.de\/ls\/"},{"@type":"ListItem","position":2,"name":"Kontakt"}]},{"@type":"WebSite","@id":"https:\/\/lag-selbsthilfe-sachsen.de\/ls\/#website","url":"https:\/\/lag-selbsthilfe-sachsen.de\/ls\/","name":"LAG","description":"Landesarbeitsgemeinschaft Selbsthilfe Sachsen e.V.","potentialAction":[{"@type":"SearchAction","target":{"@type":"EntryPoint","urlTemplate":"https:\/\/lag-selbsthilfe-sachsen.de\/ls\/?s={search_term_string}"},"query-input":{"@type":"PropertyValueSpecification","valueRequired":true,"valueName":"search_term_string"}}],"inLanguage":"l-S"}]}},"_links":{"self":[{"href":"https:\/\/lag-selbsthilfe-sachsen.de\/ls\/wp-json\/wp\/v2\/pages\/4397","targetHints":{"allow":["GET"]}}],"collection":[{"href":"https:\/\/lag-selbsthilfe-sachsen.de\/ls\/wp-json\/wp\/v2\/pages"}],"about":[{"href":"https:\/\/lag-selbsthilfe-sachsen.de\/ls\/wp-json\/wp\/v2\/types\/page"}],"author":[{"embeddable":true,"href":"https:\/\/lag-selbsthilfe-sachsen.de\/ls\/wp-json\/wp\/v2\/users\/1"}],"replies":[{"embeddable":true,"href":"https:\/\/lag-selbsthilfe-sachsen.de\/ls\/wp-json\/wp\/v2\/comments?post=4397"}],"version-history":[{"count":8,"href":"https:\/\/lag-selbsthilfe-sachsen.de\/ls\/wp-json\/wp\/v2\/pages\/4397\/revisions"}],"predecessor-version":[{"id":4456,"href":"https:\/\/lag-selbsthilfe-sachsen.de\/ls\/wp-json\/wp\/v2\/pages\/4397\/revisions\/4456"}],"wp:attachment":[{"href":"https:\/\/lag-selbsthilfe-sachsen.de\/ls\/wp-json\/wp\/v2\/media?parent=4397"}],"curies":[{"name":"wp","href":"https:\/\/api.w.org\/{rel}","templated":true}]}}