{"id":4665,"date":"2021-06-11T19:21:51","date_gmt":"2021-06-11T17:21:51","guid":{"rendered":"https:\/\/lag-selbsthilfe-sachsen.de\/?page_id=4665"},"modified":"2023-01-30T13:07:23","modified_gmt":"2023-01-30T12:07:23","slug":"projekte","status":"publish","type":"page","link":"https:\/\/lag-selbsthilfe-sachsen.de\/ls\/projekte\/","title":{"rendered":"Projekte"},"content":{"rendered":"<p>[vc_row][vc_column][vc_column_text]<\/p>\n<h2>Aktuelle Projekte<\/h2>\n<p>[\/vc_column_text][\/vc_column][\/vc_row][vc_row top_margin=&#8221;page-margin-top-section&#8221; content_placement=&#8221;middle&#8221;][vc_column width=&#8221;1\/2&#8243; el_class=&#8221;padding-right-30&#8243;][vc_single_image image=&#8221;5407&#8243; img_size=&#8221;full&#8221; el_class=&#8221;padding-right-30&#8243; css=&#8221;.vc_custom_1649321950090{margin-top: 120px !important;}&#8221;][\/vc_column][vc_column width=&#8221;1\/2&#8243;]<h2 class=\"box-header large no-border\">Die Vielfalt macht\u2019s - Challenge Inklusion<\/h2>[vc_column_text el_class=&#8221;large margin-top-10&#8243;]Die Landes\u00b7Arbeits\u00b7Gemeinschaft Selbst\u00b7Hilfe in Sachsen ist unser Verein.<br \/>\nDer Verein ist f\u00fcr Menschen mit Behinderungen.<br \/>\nEr hei\u00dft kurz: LAG SH Sachsen.<\/p>\n<p>Die LAG SH Sachsen plant ein neues Projekt.<br \/>\nEs hei\u00dft: Die Vielfalt machts \u2013 <strong>Challenge<\/strong> Inklusion.<br \/>\nChallenge ist ein englisches Wort.<br \/>\nEs bedeutet: Herausforderung oder schwierige Aufgabe.<\/p>\n<p>Das Ziel vom Projekt ist eine <strong>inklusive<\/strong> Gesellschaft.<br \/>\nDas Wort <strong>inklusiv<\/strong> kommt von <strong>Inklusion<\/strong>.<br \/>\nInklusion hei\u00dft:<\/p>\n<p>[\/vc_column_text]<ul class=\"simple-list margin-top-15 clearfix\"><li class=\"template-tick-2 clearfix\">\n\t\t\t<span>Alle Menschen sollen \u00fcberall teilhaben k\u00f6nnen.<\/span><\/li><li class=\"template-tick-2 clearfix\">\n\t\t\t<span>Zum Beispiel: In der Schule oder auf der Arbeit.<\/span><\/li><li class=\"template-tick-2 clearfix\">\n\t\t\t<span>Alle Menschen haben die gleichen Rechte.<\/span><\/li><\/ul>[vc_column_text el_class=&#8221;large margin-top-10&#8243;]Wir arbeiten im Projekt mit jungen Menschen.<\/p>\n<p>Wir wollen Kinder und junge Menschen auf Inklusion aufmerksam machen.<\/p>\n<p>Junge Menschen sollen mehr lernen \u00fcber:[\/vc_column_text]<ul class=\"simple-list margin-top-15 clearfix\"><li class=\"template-tick-2 clearfix\">\n\t\t\t<span>Inklusion<\/span><\/li><li class=\"template-tick-2 clearfix\">\n\t\t\t<span>Leben mit Behinderung oder lange dauernder Erkrankung<\/span><\/li><li class=\"template-tick-2 clearfix\">\n\t\t\t<span>Gemeinsamkeit zwischen allen Menschen<\/span><\/li><\/ul>[vc_column_text el_class=&#8221;large margin-top-10&#8243;]Im Projekt gibt es verschiedene Aktionen.<\/p>\n<p>Zum Beispiel:<br \/>\nExperten f\u00fcr Inklusion gehen in Schulen.<\/p>\n<p>Diese Experten haben selbst eine Behinderung oder lange dauernder Erkrankung.<br \/>\nIn der Schule erz\u00e4hlen sie den Sch\u00fclern von ihrem Leben mit Behinderung.<\/p>\n<p>Sch\u00fcler k\u00f6nnen so mehr \u00fcber das Thema lernen.<br \/>\nSie k\u00f6nnen direkt mit Betroffenen sprechen.<\/p>\n<p>Es soll Info-Material zum Thema Inklusion geben.<br \/>\nDamit k\u00f6nnen sich Lehrer informieren.<br \/>\nDie Lehrer k\u00f6nnen das Material f\u00fcr den Unterricht verwenden.<\/p>\n<p>Au\u00dferdem gibt es kulturelle Veranstaltungen.<br \/>\nAn den Veranstaltungen k\u00f6nnen junge Menschen mit Experten f\u00fcr Inklusion sprechen.<\/p>\n<p>Es soll aber auch Aktionen im Internet zum Thema Inklusion geben.<br \/>\nZum Beispiel:[\/vc_column_text]<ul class=\"simple-list margin-top-15 clearfix\"><li class=\"template-tick-2 clearfix\">\n\t\t\t<span>Videos in den sozialen Medien.<\/span><\/li><\/ul>[vc_column_text el_class=&#8221;large margin-top-10&#8243;]Soziale Medien sind zum Beispiel: TikTok oder Instagram.[\/vc_column_text]<ul class=\"simple-list margin-top-15 clearfix\"><li class=\"template-tick-2 clearfix\">\n\t\t\t<span>Video-Challenges.<\/span><\/li><\/ul>[vc_column_text el_class=&#8221;large margin-top-10&#8243;]In den sozialen Medien hei\u00dft Challenge:<br \/>\nEine Person stellt eine Aufgabe.<\/p>\n<p>Zum Beispiel ein schwieriger Trick oder ein Kunst-St\u00fcck.<br \/>\nDie Person macht ein Video davon.<br \/>\nDieses Video fordert andere Menschen zum Nachmachen heraus.<br \/>\nViele Menschen machen dann den Trick nach.<br \/>\nSie filmen sich dabei.<br \/>\nSo verbreitet sich die Challenge.<\/p>\n<p>Im Projekt gibt es Challenges zum Thema Inklusion.[\/vc_column_text]<ul class=\"simple-list margin-top-15 clearfix\"><li class=\"template-tick-2 clearfix\">\n\t\t\t<span>Podcasts: Das sind Geschichten und Gespr\u00e4che zum H\u00f6ren.<\/span><\/li><\/ul>[vc_column_text el_class=&#8221;large margin-top-10&#8243;]Das Projekt startet am 1. Januar 2022.<br \/>\nEs dauert 3 Jahre.<\/p>\n<p>Auf dieser Internet\u00b7Seite finden Sie mehr Informationen zum Projekt:<\/p>\n<p><a href=\"http:\/\/www.challenge-inklusion.de\">www.challenge-inklusion.de<\/a><\/p>\n<p>Der Freistaat Sachsen f\u00f6rdert das Projekt.[\/vc_column_text][\/vc_column][\/vc_row][vc_row type=&#8221;full-width&#8221; top_margin=&#8221;page-margin-top-section&#8221; el_class=&#8221;flex-box&#8221; css=&#8221;.vc_custom_1623671121124{background-color: #ffffff !important;}&#8221;][vc_column top_margin=&#8221;page-margin-top-section&#8221; width=&#8221;1\/2&#8243; css=&#8221;.vc_custom_1623671545870{background-position: center !important;background-repeat: no-repeat !important;background-size: cover !important;}&#8221; el_class=&#8221;padding-bottom-128 column-limited&#8221;][vc_row_inner top_margin=&#8221;page-margin-top-section&#8221; el_class=&#8221;padding-right-100&#8243;][vc_column_inner]<h2 class=\"box-header large margin-top-30 no-border\">Fach\u2219Stelle Teilhabe\u2219Koordination<\/h2>[vc_column_text el_class=&#8221;large margin-top-10&#8243;]Die Fach\u2219Stelle Teilhabe\u2219Koordination unterst\u00fctzt die Arbeit von der Landes\u2219Arbeits\u2219Gemeinschaft Selbst\u2219Hilfe Sachsen.<\/p>\n<p>Teilhabe\u00b7Koordination ist ein schwieriges Wort.<\/p>\n<p><strong>Teilhabe bedeutet:<\/strong><\/p>\n<p>Alle Menschen sollen teilhaben d\u00fcrfen.<br \/>\nUnd das von Anfang an.<\/p>\n<h4>Koordination bedeutet:<\/h4>\n<p>Wir arbeiten mit anderen Menschen zusammen<br \/>\nund sprechen viel mit den Menschen.<\/p>\n<h4>Was wir machen<\/h4>\n<p>Unser Ziel ist:<br \/>\nAlle Menschen d\u00fcrfen mitmachen.<br \/>\nAuch Menschen mit Behinderungen.<br \/>\nNoch ist das nicht \u00fcberall so.<br \/>\nManches ist gut, manches ist schlecht.<\/p>\n<p>Damit es besser wird<br \/>\nm\u00fcssen wir immer wieder mit Politikern\u00a0reden.<br \/>\nPolitiker entscheiden viele wichtige Dinge.<br \/>\nSie machen zum Beispiel Gesetze.<br \/>\nWir wollen uns einbringen, wenn neue Gesetze entstehen.<br \/>\nWir fordern auf, dass bestehende Gesetze \u00fcberpr\u00fcft werden.<br \/>\nDenn Bedarfe \u00e4ndern sich.<\/p>\n<p>Wir arbeiten in 6 Bereichen.<br \/>\nDie Bereiche hei\u00dfen:[\/vc_column_text]<ul class=\"simple-list margin-top-15 clearfix\"><li class=\"template-tick-2 clearfix\">\n\t\t\t<span>Bildung<\/span><\/li><li class=\"template-tick-2 clearfix\">\n\t\t\t<span>Arbeit<\/span><\/li><li class=\"template-tick-2 clearfix\">\n\t\t\t<span>Mobilit\u00e4t<\/span><\/li><\/ul>[vc_column_text el_class=&#8221;large margin-top-10&#8243;]Das bedeutet: Unterwegs sein.[\/vc_column_text]<ul class=\"simple-list margin-top-15 clearfix\"><li class=\"template-tick-2 clearfix\">\n\t\t\t<span>Gesundheit<\/span><\/li><li class=\"template-tick-2 clearfix\">\n\t\t\t<span>Wohn\u2219Raum und Sozial\u2219Raum<\/span><\/li><\/ul>[vc_column_text el_class=&#8221;large margin-top-10&#8243;]Das bedeutet: Wie wir wohnen und wo wir wohnen<br \/>\nund alle leben gut zusammen.[\/vc_column_text]<ul class=\"simple-list margin-top-15 clearfix\"><li class=\"template-tick-2 clearfix\">\n\t\t\t<span>Gesellschaftliche Teilhabe<\/span><\/li><\/ul>[vc_column_text el_class=&#8221;large margin-top-10&#8243;]Unsere Internetseite: <a href=\"http:\/\/www.teilhabekoordination-sachsen.de\/ls\">www.teilhabekoordination-sachsen.de<\/a>[\/vc_column_text][\/vc_column_inner][\/vc_row_inner][\/vc_column][vc_column top_margin=&#8221;page-margin-top-section&#8221; width=&#8221;1\/2&#8243; css=&#8221;.vc_custom_1623671148493{background-position: center !important;background-repeat: no-repeat !important;background-size: cover !important;}&#8221; el_class=&#8221;padding-right-30&#8243;][vc_single_image image=&#8221;4090&#8243; img_size=&#8221;full&#8221; alignment=&#8221;center&#8221; el_class=&#8221;padding-right-30&#8243; css=&#8221;.vc_custom_1623671430714{margin-top: 120px !important;}&#8221;][\/vc_column][\/vc_row][vc_row top_margin=&#8221;page-margin-top-section&#8221; content_placement=&#8221;middle&#8221;][vc_column top_margin=&#8221;page-margin-top-section&#8221; width=&#8221;1\/2&#8243; el_class=&#8221;padding-right-30&#8243;][vc_single_image image=&#8221;5269&#8243; img_size=&#8221;full&#8221; alignment=&#8221;center&#8221; el_class=&#8221;padding-right-30&#8243; css=&#8221;.vc_custom_1646830474291{margin-top: 120px !important;}&#8221;][\/vc_column][vc_column width=&#8221;1\/2&#8243;]<h2 class=\"box-header large no-border\">Weil Vielfalt fetzt - eine Wanderausstellung<\/h2>[vc_column_text el_class=&#8221;large margin-top-10&#8243;]Die LAG SH Sachsen plant eine Ausstellung.<br \/>\nSie hei\u00dft: Weil Vielfalt fetzt.<\/p>\n<p>Die Ausstellung zeigt die Ergebnisse von <strong>Interviews<\/strong>.<br \/>\nInterview ist ein englisches Wort.<br \/>\nEs hei\u00dft Gespr\u00e4ch oder Befragung.<br \/>\nDie Interviews geh\u00f6rten zu einer Aktion.<br \/>\nDie Aktion hei\u00dft: Gesichter der Inklusion.<\/p>\n<p>In diesen Interviews sprechen Menschen \u00fcber <strong>Inklusion<\/strong>.<br \/>\nInklusion hei\u00dft:[\/vc_column_text]<ul class=\"simple-list margin-top-15 clearfix\"><li class=\"template-tick-2 clearfix\">\n\t\t\t<span>Alle k\u00f6nnen \u00fcberall teilhaben.<\/span><\/li><li class=\"template-tick-2 clearfix\">\n\t\t\t<span>Alle geh\u00f6ren zur Gesellschaft dazu.<\/span><\/li><li class=\"template-tick-2 clearfix\">\n\t\t\t<span>Alle Menschen haben die gleichen Rechte.<\/span><\/li><\/ul>[vc_column_text el_class=&#8221;large margin-top-10&#8243;]Die interviewten Menschen haben Erfahrung mit Inklusion.<br \/>\nZum Beispiel: Weil sie selbst von Behinderung betroffen sind.<br \/>\nOder weil sie sich privat oder im Beruf f\u00fcr Inklusion einsetzen.<\/p>\n<p>Die Ausstellung richtet sich vor allem an junge Menschen.<\/p>\n<p>Die Ausstellung hat folgende Ziele:[\/vc_column_text]<ul class=\"simple-list margin-top-15 clearfix\"><li class=\"template-tick-2 clearfix\">\n\t\t\t<span>Menschen sollen mehr \u00fcber Inklusion erfahren. Auch die Menschen, die selbst nicht davon betroffen sind.<\/span><\/li><li class=\"template-tick-2 clearfix\">\n\t\t\t<span>Menschen sollen Vorurteile abbauen. Soe sollen lernen: Vielfalt ist wichtig.<\/span><\/li><\/ul>[vc_column_text el_class=&#8221;large margin-top-10&#8243;]Die Interviewten k\u00f6nnen in der Ausstellung:[\/vc_column_text]<ul class=\"simple-list margin-top-15 clearfix\"><li class=\"template-tick-2 clearfix\">\n\t\t\t<span>von ihren W\u00fcnschen und Problemen erz\u00e4hlen.<\/span><\/li><li class=\"template-tick-2 clearfix\">\n\t\t\t<span>ihre Forderungen mit der \u00d6ffentlichkeit teilen.<\/span><\/li><\/ul>[vc_column_text el_class=&#8221;large margin-top-10&#8243;]Die Ausstellung beginnt im September 2022.<\/p>\n<p>Zuerst steht sie jeweils f\u00fcr einen Monat in:<br \/>\nDresden, Leipzig und Chemnitz.<br \/>\nDanach wechselt die Ausstellung ihren Standort.<br \/>\nDeshalb hei\u00dft sie Wander-Ausstellung.<br \/>\nMan kann sie in verschiedenen Einrichtungen besichtigen.<\/p>\n<p>Zum Beispiel in Schulen.<\/p>\n<p>Das Projekt beginnt am 1. Januar 2022.<br \/>\nEs endet am 31. Dezember 2023.<\/p>\n<p>Auf dieser Internet-Seite finden Sie mehr Informationen zum Projekt:<\/p>\n<p><a href=\"https:\/\/gesichter-der-inklusion.de\/\">https:\/\/gesichter-der-inklusion.de\/<\/a><\/p>\n<p>Der Verein Aktion Mensch f\u00f6rdert das Projekt.[\/vc_column_text][\/vc_column][\/vc_row][vc_row type=&#8221;full-width&#8221; css=&#8221;.vc_custom_1675073816590{background-color: #ffffff !important;background-position: center !important;background-repeat: no-repeat !important;background-size: cover !important;}&#8221; el_class=&#8221;flex-box&#8221;][vc_column el_class=&#8221;padding-bottom-128 column-limited&#8221;][vc_column_text css=&#8221;.vc_custom_1675080274105{margin-left: 70px !important;}&#8221; el_class=&#8221;large margin-top-30&#8243;]<\/p>\n<h2>Fertige Projekte<\/h2>\n<p>[\/vc_column_text][\/vc_column][\/vc_row][vc_row type=&#8221;full-width&#8221; css=&#8221;.vc_custom_1675080297708{background-color: #ffffff !important;}&#8221;][vc_column top_margin=&#8221;page-margin-top-section&#8221; width=&#8221;1\/2&#8243; css=&#8221;.vc_custom_1623671545870{background-position: center !important;background-repeat: no-repeat !important;background-size: cover !important;}&#8221; el_class=&#8221;padding-bottom-128 column-limited&#8221;][vc_row_inner el_class=&#8221;padding-right-100&#8243;][vc_column_inner]<h2 class=\"box-header large margin-top-10 no-border\">Inklusions\u2219Netz\u2219Werk Sachsen<\/h2>[vc_column_text el_class=&#8221;large margin-top-10&#8243;]Die LAG SH Sachsen hat im Dezember 2021 ein Projekt abgeschlossen.<\/p>\n<p>Das Projekt hei\u00dft:<\/p>\n<p><strong>Inklusions\u2219Netz\u2219Werk<\/strong> Sachsen.<\/p>\n<p>Netz\u2219Werk hei\u00dft:<br \/>\nMenschen sind miteinander verbunden.<\/p>\n<p>Das Ziel von diesem Projekt war:<br \/>\nViele Menschen mit und ohne Behinderung zusammen zu bringen.<br \/>\nDiese Menschen besch\u00e4ftigen sich mit dem Thema Inklusion.<\/p>\n<p>Zum Beispiel:[\/vc_column_text]<ul class=\"simple-list margin-top-15 clearfix\"><li class=\"template-tick-2 clearfix\">\n\t\t\t<span>Weil sie sich bei der Arbeit f\u00fcr Inklusion einsetzen.<\/span><\/li><li class=\"template-tick-2 clearfix\">\n\t\t\t<span>Weil sie einen Verein f\u00fcr Inklusion haben.<\/span><\/li><li class=\"template-tick-2 clearfix\">\n\t\t\t<span>Oder weil sie eine Behinderung oder lang andauernde Erkrankung haben.<\/span><\/li><\/ul>[vc_column_text el_class=&#8221;large margin-top-10&#8243;]Im Inklusions\u00b7Netz\u00b7Werk haben sich die Menschen \u00fcber Inklusion ausgetauscht.<br \/>\nSie konnten neue inklusive Projekte planen.<br \/>\nSie haben die \u00d6ffentlichkeit informiert.<br \/>\nZum Beispiel mit Schulungen.<br \/>\nUnd mit der Aktion \u201eGesichter der Inklusion\u201c.<\/p>\n<p>Das Netz-Werk hat so Inklusion in Sachsen gef\u00f6rdert.<\/p>\n<p>Das Inklusions-Netz-Werk hat viel erreicht.<br \/>\nDarum soll es erhalten bleiben.<\/p>\n<p>Auf dieser Internet-Seite finden Sie mehr Infos zum Inklusions\u00b7Netz\u00b7Werk:<\/p>\n<p><a href=\"http:\/\/www.inklusionsnetzwerk-sachsen.de\/\">www.inklusionsnetzwerk-sachsen.de<\/a><\/p>\n<p>Das Projekt hat im Mai 2016 begonnen.[\/vc_column_text][\/vc_column_inner][\/vc_row_inner][\/vc_column][vc_column top_margin=&#8221;page-margin-top-section&#8221; width=&#8221;1\/2&#8243; css=&#8221;.vc_custom_1623671148493{background-position: center !important;background-repeat: no-repeat !important;background-size: cover !important;}&#8221; el_class=&#8221;padding-right-30&#8243;][vc_single_image image=&#8221;4074&#8243; img_size=&#8221;full&#8221; alignment=&#8221;center&#8221; el_class=&#8221;padding-right-30&#8243; css=&#8221;.vc_custom_1675073382727{margin-top: 120px !important;}&#8221;][\/vc_column][\/vc_row]<\/p>\n","protected":false},"excerpt":{"rendered":"<p>[vc_row][vc_column][vc_column_text] Aktuelle Projekte [\/vc_column_text][\/vc_column][\/vc_row][vc_row top_margin=&#8221;page-margin-top-section&#8221; content_placement=&#8221;middle&#8221;][vc_column width=&#8221;1\/2&#8243; el_class=&#8221;padding-right-30&#8243;][vc_single_image image=&#8221;5407&#8243; img_size=&#8221;full&#8221; el_class=&#8221;padding-right-30&#8243; css=&#8221;.vc_custom_1649321950090{margin-top: 120px !important;}&#8221;][\/vc_column][vc_column width=&#8221;1\/2&#8243;][vc_column_text el_class=&#8221;large margin-top-10&#8243;]Die Landes\u00b7Arbeits\u00b7Gemeinschaft Selbst\u00b7Hilfe in Sachsen ist unser Verein. Der Verein ist f\u00fcr Menschen mit Behinderungen. Er hei\u00dft kurz: LAG SH Sachsen. Die LAG SH Sachsen plant ein neues Projekt. Es hei\u00dft: Die Vielfalt machts \u2013 Challenge Inklusion. Challenge ist<\/p>\n","protected":false},"author":4,"featured_media":0,"parent":0,"menu_order":0,"comment_status":"closed","ping_status":"closed","template":"","meta":{"_acf_changed":false,"footnotes":""},"class_list":["post-4665","page","type-page","status-publish","hentry"],"acf":[],"yoast_head":"<!-- This site is optimized with the Yoast SEO plugin v27.3 - https:\/\/yoast.com\/product\/yoast-seo-wordpress\/ -->\n<title>Projekte - LAG<\/title>\n<meta name=\"description\" content=\"Alle Projekte der Landesarbeitsgemeinschaft Selbsthilfe Sachsen in Leichter Sprache.\" \/>\n<meta name=\"robots\" content=\"index, follow, max-snippet:-1, max-image-preview:large, max-video-preview:-1\" \/>\n<link rel=\"canonical\" href=\"https:\/\/lag-selbsthilfe-sachsen.de\/ls\/projekte\/\" \/>\n<meta property=\"og:locale\" content=\"en_US\" \/>\n<meta property=\"og:type\" content=\"article\" \/>\n<meta property=\"og:title\" content=\"Projekte - LAG\" \/>\n<meta property=\"og:description\" content=\"Alle Projekte der Landesarbeitsgemeinschaft Selbsthilfe Sachsen in Leichter Sprache.\" \/>\n<meta property=\"og:url\" content=\"https:\/\/lag-selbsthilfe-sachsen.de\/ls\/projekte\/\" \/>\n<meta property=\"og:site_name\" content=\"LAG\" \/>\n<meta property=\"article:modified_time\" content=\"2023-01-30T12:07:23+00:00\" \/>\n<meta property=\"og:image\" content=\"https:\/\/lag-selbsthilfe-sachsen.de\/wp-content\/uploads\/2021\/04\/facebook.png\" \/>\n\t<meta property=\"og:image:width\" content=\"1367\" \/>\n\t<meta property=\"og:image:height\" content=\"796\" \/>\n\t<meta property=\"og:image:type\" content=\"image\/png\" \/>\n<meta name=\"twitter:card\" content=\"summary_large_image\" \/>\n<meta name=\"twitter:label1\" content=\"Est. reading time\" \/>\n\t<meta name=\"twitter:data1\" content=\"7 minutes\" \/>\n<script type=\"application\/ld+json\" class=\"yoast-schema-graph\">{\"@context\":\"https:\\\/\\\/schema.org\",\"@graph\":[{\"@type\":\"WebPage\",\"@id\":\"https:\\\/\\\/lag-selbsthilfe-sachsen.de\\\/ls\\\/projekte\\\/\",\"url\":\"https:\\\/\\\/lag-selbsthilfe-sachsen.de\\\/ls\\\/projekte\\\/\",\"name\":\"Projekte - LAG\",\"isPartOf\":{\"@id\":\"https:\\\/\\\/lag-selbsthilfe-sachsen.de\\\/ls\\\/#website\"},\"datePublished\":\"2021-06-11T17:21:51+00:00\",\"dateModified\":\"2023-01-30T12:07:23+00:00\",\"description\":\"Alle Projekte der Landesarbeitsgemeinschaft Selbsthilfe Sachsen in Leichter Sprache.\",\"breadcrumb\":{\"@id\":\"https:\\\/\\\/lag-selbsthilfe-sachsen.de\\\/ls\\\/projekte\\\/#breadcrumb\"},\"inLanguage\":\"l-S\",\"potentialAction\":[{\"@type\":\"ReadAction\",\"target\":[\"https:\\\/\\\/lag-selbsthilfe-sachsen.de\\\/ls\\\/projekte\\\/\"]}]},{\"@type\":\"BreadcrumbList\",\"@id\":\"https:\\\/\\\/lag-selbsthilfe-sachsen.de\\\/ls\\\/projekte\\\/#breadcrumb\",\"itemListElement\":[{\"@type\":\"ListItem\",\"position\":1,\"name\":\"Startseite\",\"item\":\"https:\\\/\\\/lag-selbsthilfe-sachsen.de\\\/ls\\\/\"},{\"@type\":\"ListItem\",\"position\":2,\"name\":\"Projekte\"}]},{\"@type\":\"WebSite\",\"@id\":\"https:\\\/\\\/lag-selbsthilfe-sachsen.de\\\/ls\\\/#website\",\"url\":\"https:\\\/\\\/lag-selbsthilfe-sachsen.de\\\/ls\\\/\",\"name\":\"LAG\",\"description\":\"Landesarbeitsgemeinschaft Selbsthilfe Sachsen e.V.\",\"potentialAction\":[{\"@type\":\"SearchAction\",\"target\":{\"@type\":\"EntryPoint\",\"urlTemplate\":\"https:\\\/\\\/lag-selbsthilfe-sachsen.de\\\/ls\\\/?s={search_term_string}\"},\"query-input\":{\"@type\":\"PropertyValueSpecification\",\"valueRequired\":true,\"valueName\":\"search_term_string\"}}],\"inLanguage\":\"l-S\"}]}<\/script>\n<!-- \/ Yoast SEO plugin. -->","yoast_head_json":{"title":"Projekte - LAG","description":"Alle Projekte der Landesarbeitsgemeinschaft Selbsthilfe Sachsen in Leichter Sprache.","robots":{"index":"index","follow":"follow","max-snippet":"max-snippet:-1","max-image-preview":"max-image-preview:large","max-video-preview":"max-video-preview:-1"},"canonical":"https:\/\/lag-selbsthilfe-sachsen.de\/ls\/projekte\/","og_locale":"en_US","og_type":"article","og_title":"Projekte - LAG","og_description":"Alle Projekte der Landesarbeitsgemeinschaft Selbsthilfe Sachsen in Leichter Sprache.","og_url":"https:\/\/lag-selbsthilfe-sachsen.de\/ls\/projekte\/","og_site_name":"LAG","article_modified_time":"2023-01-30T12:07:23+00:00","og_image":[{"width":1367,"height":796,"url":"https:\/\/lag-selbsthilfe-sachsen.de\/wp-content\/uploads\/2021\/04\/facebook.png","type":"image\/png"}],"twitter_card":"summary_large_image","twitter_misc":{"Est. reading time":"7 minutes"},"schema":{"@context":"https:\/\/schema.org","@graph":[{"@type":"WebPage","@id":"https:\/\/lag-selbsthilfe-sachsen.de\/ls\/projekte\/","url":"https:\/\/lag-selbsthilfe-sachsen.de\/ls\/projekte\/","name":"Projekte - LAG","isPartOf":{"@id":"https:\/\/lag-selbsthilfe-sachsen.de\/ls\/#website"},"datePublished":"2021-06-11T17:21:51+00:00","dateModified":"2023-01-30T12:07:23+00:00","description":"Alle Projekte der Landesarbeitsgemeinschaft Selbsthilfe Sachsen in Leichter Sprache.","breadcrumb":{"@id":"https:\/\/lag-selbsthilfe-sachsen.de\/ls\/projekte\/#breadcrumb"},"inLanguage":"l-S","potentialAction":[{"@type":"ReadAction","target":["https:\/\/lag-selbsthilfe-sachsen.de\/ls\/projekte\/"]}]},{"@type":"BreadcrumbList","@id":"https:\/\/lag-selbsthilfe-sachsen.de\/ls\/projekte\/#breadcrumb","itemListElement":[{"@type":"ListItem","position":1,"name":"Startseite","item":"https:\/\/lag-selbsthilfe-sachsen.de\/ls\/"},{"@type":"ListItem","position":2,"name":"Projekte"}]},{"@type":"WebSite","@id":"https:\/\/lag-selbsthilfe-sachsen.de\/ls\/#website","url":"https:\/\/lag-selbsthilfe-sachsen.de\/ls\/","name":"LAG","description":"Landesarbeitsgemeinschaft Selbsthilfe Sachsen e.V.","potentialAction":[{"@type":"SearchAction","target":{"@type":"EntryPoint","urlTemplate":"https:\/\/lag-selbsthilfe-sachsen.de\/ls\/?s={search_term_string}"},"query-input":{"@type":"PropertyValueSpecification","valueRequired":true,"valueName":"search_term_string"}}],"inLanguage":"l-S"}]}},"_links":{"self":[{"href":"https:\/\/lag-selbsthilfe-sachsen.de\/ls\/wp-json\/wp\/v2\/pages\/4665","targetHints":{"allow":["GET"]}}],"collection":[{"href":"https:\/\/lag-selbsthilfe-sachsen.de\/ls\/wp-json\/wp\/v2\/pages"}],"about":[{"href":"https:\/\/lag-selbsthilfe-sachsen.de\/ls\/wp-json\/wp\/v2\/types\/page"}],"author":[{"embeddable":true,"href":"https:\/\/lag-selbsthilfe-sachsen.de\/ls\/wp-json\/wp\/v2\/users\/4"}],"replies":[{"embeddable":true,"href":"https:\/\/lag-selbsthilfe-sachsen.de\/ls\/wp-json\/wp\/v2\/comments?post=4665"}],"version-history":[{"count":32,"href":"https:\/\/lag-selbsthilfe-sachsen.de\/ls\/wp-json\/wp\/v2\/pages\/4665\/revisions"}],"predecessor-version":[{"id":6474,"href":"https:\/\/lag-selbsthilfe-sachsen.de\/ls\/wp-json\/wp\/v2\/pages\/4665\/revisions\/6474"}],"wp:attachment":[{"href":"https:\/\/lag-selbsthilfe-sachsen.de\/ls\/wp-json\/wp\/v2\/media?parent=4665"}],"curies":[{"name":"wp","href":"https:\/\/api.w.org\/{rel}","templated":true}]}}